{"id":8,"date":"2021-05-12T13:39:13","date_gmt":"2021-05-12T11:39:13","guid":{"rendered":"https:\/\/www.aok.de\/plus-ewiko\/plus-ewiko\/?page_id=8"},"modified":"2023-06-29T14:43:37","modified_gmt":"2023-06-29T12:43:37","slug":"startseite","status":"publish","type":"page","link":"https:\/\/www.aok.de\/plus-ewiko\/","title":{"rendered":"Startseite"},"content":{"rendered":"\t\t<div data-elementor-type=\"wp-page\" data-elementor-id=\"8\" class=\"elementor elementor-8\" data-elementor-post-type=\"page\">\n\t\t\t\t<div class=\"elementor-element elementor-element-1e6859f title-image-section e-flex e-con-boxed e-con e-parent\" data-id=\"1e6859f\" data-element_type=\"container\" data-e-type=\"container\">\n\t\t\t\t\t<div class=\"e-con-inner\">\n\t\t\t\t<div class=\"elementor-element elementor-element-3d4232c elementor-widget elementor-widget-heading\" data-id=\"3d4232c\" data-element_type=\"widget\" data-e-type=\"widget\" data-widget_type=\"heading.default\">\n\t\t\t\t<div class=\"elementor-widget-container\">\n\t\t\t\t\t<h1 class=\"elementor-heading-title elementor-size-default\">Willkommen bei <span>\u201eEwiKo\u201c<\/span><\/h1>\t\t\t\t<\/div>\n\t\t\t\t<\/div>\n\t\t<div class=\"elementor-element elementor-element-42f7eac e-flex e-con-boxed e-con e-parent\" data-id=\"42f7eac\" data-element_type=\"container\" data-e-type=\"container\">\n\t\t\t\t\t<div class=\"e-con-inner\">\n\t\t<div class=\"elementor-element elementor-element-c305c77 e-flex e-con-boxed e-con e-parent\" data-id=\"c305c77\" data-element_type=\"container\" data-e-type=\"container\">\n\t\t\t\t\t<div class=\"e-con-inner\">\n\t\t\t\t<div class=\"elementor-element elementor-element-425cb98 elementor-widget elementor-widget-text-editor\" data-id=\"425cb98\" data-element_type=\"widget\" data-e-type=\"widget\" data-widget_type=\"text-editor.default\">\n\t\t\t\t<div class=\"elementor-widget-container\">\n\t\t\t\t\t\t\t\t\t<p>Das wissenschaftlich fundierte und bedarfsorientierte Programm zur Entwicklung der Gesundheitskompetenz in Einrichtungen der Gesundheitsversorgung<\/p>\t\t\t\t\t\t\t\t<\/div>\n\t\t\t\t<\/div>\n\t\t\t\t\t<\/div>\n\t\t\t\t<\/div>\n\t\t<div class=\"elementor-element elementor-element-5bb74db e-flex e-con-boxed e-con e-parent\" data-id=\"5bb74db\" data-element_type=\"container\" data-e-type=\"container\">\n\t\t\t\t\t<div class=\"e-con-inner\">\n\t\t\t\t<div class=\"elementor-element elementor-element-19acc20 elementor-widget elementor-widget-image\" data-id=\"19acc20\" data-element_type=\"widget\" data-e-type=\"widget\" data-widget_type=\"image.default\">\n\t\t\t\t<div class=\"elementor-widget-container\">\n\t\t\t\t\t\t\t\t\t\t\t\t\t\t\t<img fetchpriority=\"high\" decoding=\"async\" width=\"592\" height=\"390\" src=\"https:\/\/www.aok.de\/plus-ewiko\/wp-content\/uploads\/2023\/05\/gesundheitsversorgung.jpg\" class=\"attachment-large size-large wp-image-2453\" alt=\"\" srcset=\"https:\/\/www.aok.de\/plus-ewiko\/wp-content\/uploads\/2023\/05\/gesundheitsversorgung.jpg 592w, https:\/\/www.aok.de\/plus-ewiko\/wp-content\/uploads\/2023\/05\/gesundheitsversorgung-300x198.jpg 300w\" sizes=\"(max-width: 592px) 100vw, 592px\" \/>\t\t\t\t\t\t\t\t\t\t\t\t\t\t\t<\/div>\n\t\t\t\t<\/div>\n\t\t\t\t\t<\/div>\n\t\t\t\t<\/div>\n\t\t\t\t\t<\/div>\n\t\t\t\t<\/div>\n\t\t\t\t\t<\/div>\n\t\t\t\t<\/div>\n\t\t<div class=\"elementor-element elementor-element-fc33fa6 e-flex e-con-boxed e-con e-parent\" data-id=\"fc33fa6\" data-element_type=\"container\" data-e-type=\"container\">\n\t\t\t\t\t<div class=\"e-con-inner\">\n\t\t<div class=\"elementor-element elementor-element-b306210 e-con-full e-flex e-con e-parent\" data-id=\"b306210\" data-element_type=\"container\" data-e-type=\"container\">\n\t\t\t\t<div class=\"elementor-element elementor-element-350a0cf elementor-widget elementor-widget-heading\" data-id=\"350a0cf\" data-element_type=\"widget\" data-e-type=\"widget\" data-widget_type=\"heading.default\">\n\t\t\t\t<div class=\"elementor-widget-container\">\n\t\t\t\t\t<h2 class=\"elementor-heading-title elementor-size-default\">Was ist das Programm \u201eEwiKo\u201c?<\/h2>\t\t\t\t<\/div>\n\t\t\t\t<\/div>\n\t\t\t\t<div class=\"elementor-element elementor-element-6cd368a elementor-widget elementor-widget-text-editor\" data-id=\"6cd368a\" data-element_type=\"widget\" data-e-type=\"widget\" data-widget_type=\"text-editor.default\">\n\t\t\t\t<div class=\"elementor-widget-container\">\n\t\t\t\t\t\t\t\t\t<p>Vom wissenschaftlichen Projekt zum wissenschaftlich fundierten und bedarfsorientierten Programm<\/p>\t\t\t\t\t\t\t\t<\/div>\n\t\t\t\t<\/div>\n\t\t\t\t<div class=\"elementor-element elementor-element-a40e8f1 elementor-widget elementor-widget-text-editor\" data-id=\"a40e8f1\" data-element_type=\"widget\" data-e-type=\"widget\" data-widget_type=\"text-editor.default\">\n\t\t\t\t<div class=\"elementor-widget-container\">\n\t\t\t\t\t\t\t\t\t<p>\u201eEwiKo\u201c steht f\u00fcr \u201eEntwicklung der Gesundheitskompetenz in Einrichtungen der Gesundheitsversorgung\u201c. Dabei handelte es sich um ein wissenschaftliches Forschungsprojekt der Hochschule Fulda und AOK PLUS, das von Januar 2020 bis Juni 2023 mit ausgew\u00e4hlten Einrichtungen der Gesundheitsversorgung bedarfsbezogen durchgef\u00fchrt wurde.<\/p><p>Ziel des Forschungsprojekts war es, eine ganzheitliche wissenschaftlich fundierte Materialsammlung und bedarfsorientiertes Programm zu entwickeln, um die Gesundheitskompetenz in Einrichtungen der Gesundheitsversorgung (d. h. Krankenhaus, Einrichtung der station\u00e4ren (Alten-)Pflege und der Eingliederungshilfe (im Bereich Wohnen und Arbeiten) zu erfassen, Bedarfe aufzudecken und zu f\u00f6rdern.<\/p><p>W\u00e4hrend der Umsetzungs- und Pilotphase wurde mit ausgew\u00e4hlten Piloteinrichtungen der Gesundheitsversorgung in Sachsen und Th\u00fcringen zusammengearbeitet und auf dem Weg zu einer gesundheitskompetenten Einrichtung begleitet. Das Programm wurde dar\u00fcber hinaus durch das Projektteam der Hochschule Fulda evaluiert. Das Programm \u201eEwiKo\u201c ist wissenschaftlich fundiert und bedarfsorientiert. <\/p>\t\t\t\t\t\t\t\t<\/div>\n\t\t\t\t<\/div>\n\t\t\t\t<\/div>\n\t\t<div class=\"elementor-element elementor-element-71001a7 e-con-full e-flex e-con e-parent\" data-id=\"71001a7\" data-element_type=\"container\" data-e-type=\"container\">\n\t\t\t\t<div class=\"elementor-element elementor-element-7f96f88 elementor-widget elementor-widget-heading\" data-id=\"7f96f88\" data-element_type=\"widget\" data-e-type=\"widget\" data-widget_type=\"heading.default\">\n\t\t\t\t<div class=\"elementor-widget-container\">\n\t\t\t\t\t<h4 class=\"elementor-heading-title elementor-size-default\">F\u00fcr wen ist das Programm \u201eEwiKo\u201c geeignet?<\/h4>\t\t\t\t<\/div>\n\t\t\t\t<\/div>\n\t\t\t\t<div class=\"elementor-element elementor-element-fe441a8 elementor-widget elementor-widget-text-editor\" data-id=\"fe441a8\" data-element_type=\"widget\" data-e-type=\"widget\" data-widget_type=\"text-editor.default\">\n\t\t\t\t<div class=\"elementor-widget-container\">\n\t\t\t\t\t\t\t\t\t<p>Das Programm richtet sich an Einrichtungen der Gesundheitsversorgung, z. B.:<\/p>\t\t\t\t\t\t\t\t<\/div>\n\t\t\t\t<\/div>\n\t\t\t\t<div class=\"elementor-element elementor-element-b413cc9 elementor-icon-list--layout-traditional elementor-list-item-link-full_width elementor-widget elementor-widget-icon-list\" data-id=\"b413cc9\" data-element_type=\"widget\" data-e-type=\"widget\" data-widget_type=\"icon-list.default\">\n\t\t\t\t<div class=\"elementor-widget-container\">\n\t\t\t\t\t\t\t<ul class=\"elementor-icon-list-items\">\n\t\t\t\t\t\t\t<li class=\"elementor-icon-list-item\">\n\t\t\t\t\t\t\t\t\t\t\t<span class=\"elementor-icon-list-icon\">\n\t\t\t\t\t\t\t<svg xmlns=\"http:\/\/www.w3.org\/2000\/svg\" viewBox=\"0 0 40 40\"><path clip-rule=\"evenodd\" d=\"m14.8 2.5c3.2-.4 6.2 2 6.6 5.3h.8.3c2 .1 3.5 1.8 3.4 3.8v4.7l9 5.5v15.6h-29.9v-25.8c0-.1 0-.2 0-.3.1-2 1.8-3.6 3.7-3.5h.8c.4-2.7 2.5-4.9 5.3-5.3zm.7 1.5c-2.5 0-4.5 2.1-4.5 4.6s2 4.6 4.5 4.6 4.5-2 4.5-4.6c0-2.5-2-4.6-4.5-4.6zm-.7 1.5h1.5v2.3h2.2v1.5h-2.2v2.3h-1.5v-2.3h-2.2v-1.5h2.2zm-6.3 3.8c-1.2.1-2 1.1-2 2.3v24.4h18v-24.4c0-.1 0-.2 0-.3-.1-1.2-1.1-2.1-2.2-2h-.8c-.3 2.8-2.5 4.9-5.2 5.3-3.3.4-6.3-1.9-6.7-5.3h-.8c-.1 0-.2 0-.3 0zm2.1 8h3v3h-3zm6.8 0h3v3h-3zm8.6.8v17.9h7.5v-13.3zm-15.4 5.3h3v3h-3zm6.8 0h3v3h-3zm-6.8 6.1h3v3h-3zm6.8 0h3v3h-3z\" fill=\"#07983e\" fill-rule=\"evenodd\"><\/path><\/svg>\t\t\t\t\t\t<\/span>\n\t\t\t\t\t\t\t\t\t\t<span class=\"elementor-icon-list-text\">Krankenh\u00e4user<\/span>\n\t\t\t\t\t\t\t\t\t<\/li>\n\t\t\t\t\t\t\t\t<li class=\"elementor-icon-list-item\">\n\t\t\t\t\t\t\t\t\t\t\t<span class=\"elementor-icon-list-icon\">\n\t\t\t\t\t\t\t<svg xmlns=\"http:\/\/www.w3.org\/2000\/svg\" viewBox=\"0 0 40 40\"><path clip-rule=\"evenodd\" d=\"m31.1 8.9c0-2.4-2-4.4-4.4-4.4s-4.4 2-4.4 4.4 2 4.4 4.4 4.4 4.4-1.9 4.4-4.4zm5.9 3v25.1h-20.7v-5.2h1.5v3.7h17.7v-23.6c.1-1.1-.8-2.1-1.9-2.2-.1 0-.2 0-.3 0h-.8c-.4 3.2-3.4 5.5-6.6 5.1s-5.5-3.4-5.1-6.6 3.4-5.5 6.6-5.1c2.7.3 4.8 2.4 5.1 5.1h.8.3c2 .1 3.5 1.7 3.4 3.7zm-8.5 20.3h3v-3h-3zm-6.7 0h3v-3h-3zm6.7-5.9h3v-3h-3zm3-8.9h-3v3h3zm-6.7 0h-3v3h3zm2.6-11.4h-1.5v2.2h-2.2v1.5h2.2v2.2h1.5v-2.2h2.2v-1.5h-2.2zm-13.4 23.4c.5-.2 5.6-2.5 8.9-4 .3-.2.5-.5.3-.9-.2-.3-.5-.5-.8-.3-.3.1-5.9 2.6-6.4 2.8-.3.1-.7.2-1 .1-.3 0-.5-.1-.8-.2l-3.5-1.5.6-1.4 3.4 1.5c.1 0 .2.1.3.1.4 0 .6-.3.6-.7 0-.2-.2-.5-.4-.6 0 0-3.4-1.4-3.9-1.7-.7-.3-1.6-.3-2.3 0s-1.7.8-1.7.8l-.2.1h-2.6v4.8h2.8s3.3.8 3.9.9c.9.5 1.8.5 2.8.2zm.5 1.4c-.6.2-1.2.3-1.8.3s-1.2-.1-1.8-.2-3.4-.8-3.9-.9h-4v-7.8h3.9c.3-.2 1-.5 1.6-.8 1.1-.5 2.4-.5 3.5 0 .5.2 3.9 1.7 3.9 1.7.7.3 1.2 1 1.3 1.8 1.9-.8 4.5-2 4.6-2 1.1-.5 2.3 0 2.8 1 .5 1.1 0 2.3-1 2.8-1 .4-8.4 3.8-9.1 4.1zm2.2-11.2v-1.5h1.5v-1.5h-1.5v-1.5h-1.5v1.5h-1.5v1.5h1.5v1.5zm-9-4.2c-1.3-1.3-1.3-3.4 0-4.7s3.4-1.3 4.7 0l.6.6.6-.6c.6-.6 1.5-1 2.4-1 1.8 0 3.3 1.5 3.3 3.3 0 .8-.3 1.5-.8 2.1l-.1.2-1.1-1 .1-.1c.6-.7.5-1.8-.1-2.5-.7-.7-1.9-.7-2.6 0l-1.7 1.6-1.6-1.6c-.7-.7-1.9-.7-2.6 0s-.7 1.9 0 2.7l5.3 5.1-1 1.1z\" fill=\"#07983e\" fill-rule=\"evenodd\"><\/path><\/svg>\t\t\t\t\t\t<\/span>\n\t\t\t\t\t\t\t\t\t\t<span class=\"elementor-icon-list-text\">Einrichtungen der station\u00e4ren (Alten-)Pflege <\/span>\n\t\t\t\t\t\t\t\t\t<\/li>\n\t\t\t\t\t\t\t\t<li class=\"elementor-icon-list-item\">\n\t\t\t\t\t\t\t\t\t\t\t<span class=\"elementor-icon-list-icon\">\n\t\t\t\t\t\t\t<svg xmlns=\"http:\/\/www.w3.org\/2000\/svg\" viewBox=\"0 0 40 40\"><path clip-rule=\"evenodd\" d=\"m11.7 3h6v11.5h9.5c.8 0 1.6.4 2 1.1.6 1.1.3 2.4-.8 3.1-.4.1-.8.3-1.2.3h-9.5v3.7h11.3v9.1h4.1c2.5 0 3.9 1.3 3.9 3.8v.7h-9.4v-12.2h-11.4v-19.6h-4.5zm2.8 11.5v1.5c-5.5 0-10 4.4-10 9.8s4.5 9.8 10 9.8 10-4.4 10-9.8h1.5c0 6.2-5.1 11.2-11.5 11.2-6.3 0-11.5-5-11.5-11.3 0-6.2 5.2-11.2 11.5-11.2zm3.2 1.4v1.5h9.5c.1 0 .3-.1.4-.1.4-.2.5-.7.3-1.1-.1-.2-.4-.4-.7-.4h-9.5zm11.4 17.3v1.5h6.4c-.2-1.1-.9-1.5-2.3-1.5z\" fill=\"#07983e\" fill-rule=\"evenodd\"><\/path><\/svg>\t\t\t\t\t\t<\/span>\n\t\t\t\t\t\t\t\t\t\t<span class=\"elementor-icon-list-text\">Einrichtungen der Eingliederungshilfe (Bereiche Wohnen und Arbeiten)<\/span>\n\t\t\t\t\t\t\t\t\t<\/li>\n\t\t\t\t\t\t<\/ul>\n\t\t\t\t\t\t<\/div>\n\t\t\t\t<\/div>\n\t\t\t\t<div class=\"elementor-element elementor-element-8a1211c elementor-widget elementor-widget-text-editor\" data-id=\"8a1211c\" data-element_type=\"widget\" data-e-type=\"widget\" data-widget_type=\"text-editor.default\">\n\t\t\t\t<div class=\"elementor-widget-container\">\n\t\t\t\t\t\t\t\t\t<p>An der Durchf\u00fchrung des Programms k\u00f6nnen sich Leitungs- und Fachpersonen sowie Patient*innen, Bewohner*innen bzw. Klient*innen der Einrichtungen der Gesundheitsversorgung interdisziplin\u00e4r beteiligen.<\/p>\t\t\t\t\t\t\t\t<\/div>\n\t\t\t\t<\/div>\n\t\t\t\t<div class=\"elementor-element elementor-element-ded7f80 elementor-icon-list--layout-traditional elementor-list-item-link-full_width elementor-widget elementor-widget-icon-list\" data-id=\"ded7f80\" data-element_type=\"widget\" data-e-type=\"widget\" data-widget_type=\"icon-list.default\">\n\t\t\t\t<div class=\"elementor-widget-container\">\n\t\t\t\t\t\t\t<ul class=\"elementor-icon-list-items\">\n\t\t\t\t\t\t\t<li class=\"elementor-icon-list-item\">\n\t\t\t\t\t\t\t\t\t\t\t<span class=\"elementor-icon-list-icon\">\n\t\t\t\t\t\t\t<svg xmlns=\"http:\/\/www.w3.org\/2000\/svg\" viewBox=\"0 0 40 40\"><path clip-rule=\"evenodd\" d=\"m15.9 5.5c3.5 0 6.3 2.8 6.3 6.3s-2.8 6.3-6.3 6.3-6.3-2.8-6.3-6.3c.1-3.5 2.9-6.3 6.3-6.3zm10.3 0c1.2 0 2.4.3 3.5 1 2.9 1.9 3.8 5.8 1.9 8.7s-5.7 3.8-8.7 1.9l.8-1.3c.8.5 1.7.8 2.6.8 2.7 0 4.8-2.2 4.8-4.8 0-2.7-2.1-4.8-4.8-4.8-1 0-1.9.3-2.7.8l-.8-1.2c1-.7 2.2-1.1 3.4-1.1zm-10.3 1.5c-2.7 0-4.8 2.2-4.8 4.8 0 2.7 2.2 4.8 4.8 4.8 2.7 0 4.8-2.2 4.8-4.8s-2.1-4.8-4.8-4.8zm2.6 14.1h.4c2.4.3 4.8.9 7.1 1.8l-.6 1.4c-1-.4-2.1-.8-3.2-1.1v2.6c.2.1.4.3.5.5.4.7.2 1.6-.5 2s-1.6.2-2-.5-.2-1.6.5-2v-2.9c-.5-.1-1-.2-1.6-.3l-3.1 4.3-3.6-4.2c-.4.1-.9.1-1.3.2v1.4c1.3.3 2.2 1.5 2.2 2.8v1.5h-1.5v-1.5c0-.8-.7-1.5-1.5-1.5s-1.5.7-1.5 1.5v1.5h-1.3v-1.5c0-1.3.9-2.5 2.2-2.8v-1.1c-1.7.4-3.4 1.1-5 1.9 1.6 4.8 6.1 7.9 11.1 7.9 4.7 0 10.6-2.9 12-10.9l.1-.7.7.1c2.7.4 5.4 1.3 7.8 2.5l.5.3-.1.6c-1.5 5.7-6.6 9.6-12.4 9.6v-1.5c4.9 0 9.3-3.2 10.8-7.9-1.9-.9-4-1.6-6.1-2-1.3 5.8-5.8 11.4-13.3 11.4-5.9 0-11.1-3.9-12.7-9.6l-.1-.5.5-.3c2.8-1.5 6-2.5 9.2-2.9h.4l2.9 3.4z\" fill=\"#07983e\" fill-rule=\"evenodd\"><\/path><\/svg>\t\t\t\t\t\t<\/span>\n\t\t\t\t\t\t\t\t\t\t<span class=\"elementor-icon-list-text\">Leitungspersonal<\/span>\n\t\t\t\t\t\t\t\t\t<\/li>\n\t\t\t\t\t\t\t\t<li class=\"elementor-icon-list-item\">\n\t\t\t\t\t\t\t\t\t\t\t<span class=\"elementor-icon-list-icon\">\n\t\t\t\t\t\t\t<svg xmlns=\"http:\/\/www.w3.org\/2000\/svg\" viewBox=\"0 0 40 40\"><path clip-rule=\"evenodd\" d=\"m34 32.5h-14.3v-2.9h14.3c.8 0 1.5.7 1.5 1.5s-.6 1.4-1.5 1.4zm-24.3-1.4c0-.2 0-.3.1-.5.1-.1.2-.3.2-.4.3-.4.7-.6 1.2-.6h7v2.9h-7c-.9 0-1.5-.6-1.5-1.4zm-5.2-2.6c0-1.2 1-2.2 2.2-2.2s2.2 1 2.2 2.2c0 .3-.1.6-.2.9-.1.1-.2.3-.3.4-.7 1-2.1 1.2-3.1.5-.4-.5-.8-1.1-.8-1.8zm11.1-3.6h4v3.2h-4.1zm0-8.2c0-1.6 1.3-2.9 3-2.9 1 0 1.9.5 2.4 1.3.6.8 2.4 3.2 4 5.4h-2.3c-.3 0-.6.1-.9.2-.7-.9-2.2-2.9-2.6-3.4l-1.3.7c.3.5 1.8 2.3 2.5 3.3-.5.5-.8 1.3-.8 2v.1h-4.1v-6.7zm2.9-9.2c1.2 0 2.2 1 2.2 2.2s-1 2.2-2.2 2.2-2.2-1-2.2-2.2 1-2.2 2.2-2.2zm12.6 15.8c0 .8-.7 1.5-1.5 1.5h-5.5v3.3h-3v-4.8c0-.8.7-1.5 1.5-1.5h7c.8 0 1.5.7 1.5 1.5zm2.9 4.8h-8.4v-1.8h4c1.6 0 3-1.3 3-2.9s-1.3-3-2.9-3c0 0 0 0-.1 0h-2.8c-1.8-2.4-4-5.3-4.6-6.2-.4-.6-1-1.1-1.6-1.4 1.7-1.1 2.2-3.4 1.1-5.1s-3.4-2.2-5.1-1.1-2.2 3.4-1.1 5.1c.3.4.7.8 1.1 1.1-1.5.8-2.4 2.3-2.4 3.9v8.2 3.2h-3c-.3 0-.5 0-.8.1-.1-2-1.9-3.6-3.9-3.4-2 .1-3.6 1.9-3.5 3.9s1.9 3.6 3.9 3.4c.5 0 .9-.2 1.4-.4.3 1.3 1.5 2.2 2.8 2.2h22.9c1.6 0 3-1.3 3-2.9s-1.3-2.9-3-2.9z\" fill=\"#07983e\" fill-rule=\"evenodd\"><\/path><\/svg>\t\t\t\t\t\t<\/span>\n\t\t\t\t\t\t\t\t\t\t<span class=\"elementor-icon-list-text\">Fachpersonal, d. h. Mitarbeitende bspw. aus dem Bereich Qualit\u00e4tsmanagement, Gesundheitsf\u00f6rderung, Personalentwicklung\/-vertretung, Medizin, Pflege, Therapie und\/oder Geb\u00e4udetechnik<\/span>\n\t\t\t\t\t\t\t\t\t<\/li>\n\t\t\t\t\t\t\t\t<li class=\"elementor-icon-list-item\">\n\t\t\t\t\t\t\t\t\t\t\t<span class=\"elementor-icon-list-icon\">\n\t\t\t\t\t\t\t<svg xmlns=\"http:\/\/www.w3.org\/2000\/svg\" viewBox=\"0 0 40 40\"><path clip-rule=\"evenodd\" d=\"m11.3 22v-.9h-1.9v-1.5h1.9v-1.5h-1.9v-1.5h1.9v-1.5h-1.9v-1.5h1.9v-.4c0-1-.8-1.9-1.9-1.9-1 0-1.9.8-1.9 1.9v8.8c0 .6.3 1.2.8 1.5l.3.2v2.7c0 .4.3.8.8.8.4 0 .8-.3.8-.8v-2.7l.3-.2c.5-.3.8-.9.8-1.5zm.4 4.4c0 1.3-1 2.3-2.3 2.3s-2.3-1-2.3-2.3v-1.9c-.7-.6-1.1-1.5-1.1-2.5v-8.8c0-1.9 1.5-3.4 3.4-3.4s3.4 1.5 3.4 3.4v8.8c0 1-.4 1.9-1.1 2.5zm4.9-14.3c0 2.5 2 4.5 4.5 4.5s4.5-2 4.5-4.5-2-4.5-4.5-4.5c-2.5-.1-4.5 1.9-4.5 4.5zm-1.5 0c0-3.3 2.7-6.1 6.1-6.1 3.3 0 6.1 2.7 6.1 6.1 0 3.3-2.7 6.1-6.1 6.1-3.4-.1-6.1-2.8-6.1-6.1zm18.4 11.4.5.3-.1.6c-1.7 5.7-6.9 9.6-12.8 9.6-3.7 0-7.3-1.6-9.8-4.3l1.1-1c4.4 4.8 11.9 5.1 16.7.7 1.4-1.3 2.5-3 3.2-4.8-3.4-1.8-7.3-2.7-11.1-2.6-2.3 0-4.5.3-6.7.9l-.5-1.5c2.3-.6 4.7-1 7.1-1 4.3 0 8.6 1 12.4 3.1z\" fill=\"#07983e\" fill-rule=\"evenodd\"><\/path><\/svg>\t\t\t\t\t\t<\/span>\n\t\t\t\t\t\t\t\t\t\t<span class=\"elementor-icon-list-text\">Patient*innen, Bewohner*innen, Klient*innen<\/span>\n\t\t\t\t\t\t\t\t\t<\/li>\n\t\t\t\t\t\t\t\t<li class=\"elementor-icon-list-item\">\n\t\t\t\t\t\t\t\t\t\t\t<span class=\"elementor-icon-list-icon\">\n\t\t\t\t\t\t\t<svg xmlns=\"http:\/\/www.w3.org\/2000\/svg\" viewBox=\"0 0 40 40\"><path clip-rule=\"evenodd\" d=\"m15.2 6c3.2 0 5.7 2.5 5.7 5.7 0 3.1-2.6 5.7-5.7 5.7-3.2 0-5.7-2.5-5.7-5.7s2.5-5.7 5.7-5.7zm0 1.4c-2.4 0-4.3 1.9-4.3 4.3s1.9 4.3 4.3 4.3 4.3-1.9 4.3-4.3-2-4.3-4.3-4.3zm13.4 5.4c2.5 0 4.6 2 4.6 4.5s-2 4.5-4.6 4.5c-2.5 0-4.6-2-4.6-4.5s2-4.5 4.6-4.5zm0 1.5c-1.7 0-3 1.4-3 3 0 1.7 1.4 3 3 3 1.7 0 3-1.4 3-3s-1.4-3-3-3zm-13.4 6.1c3.3 0 6.5.7 9.5 2l-.6 1.4c-2.8-1.2-5.8-1.9-8.9-1.9-3.8.1-7.5 1-10.9 2.9 1.6 4.7 6 7.8 10.9 7.8 1.8 0 3.5-.4 5.1-1.2l.7 1.4c-1.8.9-3.8 1.3-5.7 1.3-5.8 0-11-3.8-12.5-9.5l-.3-.6.5-.3c3.7-2.1 7.9-3.3 12.2-3.3zm13.4 3.7c3 0 5.9.9 8.4 2.4l.5.3-.1.6c-1 4-4.6 6.8-8.8 6.7-4.1.1-7.8-2.7-8.8-6.7l-.1-.6.5-.3c2.5-1.6 5.4-2.4 8.4-2.4zm0 1.5c-2.5 0-5 .7-7.1 1.9 1 3.1 3.9 5.1 7.1 5 3.2.1 6.1-1.9 7.1-5-2.2-1.2-4.6-1.9-7.1-1.9z\" fill=\"#07983e\" fill-rule=\"evenodd\"><\/path><\/svg>\t\t\t\t\t\t<\/span>\n\t\t\t\t\t\t\t\t\t\t<span class=\"elementor-icon-list-text\">Angeh\u00f6rige<\/span>\n\t\t\t\t\t\t\t\t\t<\/li>\n\t\t\t\t\t\t<\/ul>\n\t\t\t\t\t\t<\/div>\n\t\t\t\t<\/div>\n\t\t\t\t<\/div>\n\t\t\t\t\t<\/div>\n\t\t\t\t<\/div>\n\t\t<div class=\"elementor-element elementor-element-00da7f3 e-flex e-con-boxed e-con e-parent\" data-id=\"00da7f3\" data-element_type=\"container\" data-e-type=\"container\">\n\t\t\t\t\t<div class=\"e-con-inner\">\n\t\t\t\t<div class=\"elementor-element elementor-element-9c5e25e elementor-widget elementor-widget-heading\" data-id=\"9c5e25e\" data-element_type=\"widget\" data-e-type=\"widget\" data-widget_type=\"heading.default\">\n\t\t\t\t<div class=\"elementor-widget-container\">\n\t\t\t\t\t<h2 class=\"elementor-heading-title elementor-size-default\">Vertiefende Informationen zum Programm \u201eEwiKo\u201c<br><\/h2>\t\t\t\t<\/div>\n\t\t\t\t<\/div>\n\t\t\t\t\t<\/div>\n\t\t\t\t<\/div>\n\t\t<div class=\"elementor-element elementor-element-d86064f e-grid e-con-boxed e-con e-parent\" data-id=\"d86064f\" data-element_type=\"container\" data-e-type=\"container\">\n\t\t\t\t\t<div class=\"e-con-inner\">\n\t\t<div class=\"elementor-element elementor-element-f78343a e-flex e-con-boxed e-con e-parent\" data-id=\"f78343a\" data-element_type=\"container\" data-e-type=\"container\">\n\t\t\t\t\t<div class=\"e-con-inner\">\n\t\t\t\t<div class=\"elementor-element elementor-element-70bff81 elementor-widget elementor-widget-image\" data-id=\"70bff81\" data-element_type=\"widget\" data-e-type=\"widget\" data-widget_type=\"image.default\">\n\t\t\t\t<div class=\"elementor-widget-container\">\n\t\t\t\t\t\t\t\t\t\t\t\t\t\t\t\t<a href=\"https:\/\/www.aok.de\/plus-ewiko\/gesundheitskompetenz\/\">\n\t\t\t\t\t\t\t<img decoding=\"async\" width=\"800\" height=\"705\" src=\"https:\/\/www.aok.de\/plus-ewiko\/wp-content\/uploads\/2023\/05\/senior-care-800x705.jpg\" class=\"attachment-home-image size-home-image wp-image-2437\" alt=\"\" \/>\t\t\t\t\t\t\t\t<\/a>\n\t\t\t\t\t\t\t\t\t\t\t\t\t\t\t<\/div>\n\t\t\t\t<\/div>\n\t\t\t\t<div class=\"elementor-element elementor-element-a6803fb elementor-widget elementor-widget-heading\" data-id=\"a6803fb\" data-element_type=\"widget\" data-e-type=\"widget\" data-widget_type=\"heading.default\">\n\t\t\t\t<div class=\"elementor-widget-container\">\n\t\t\t\t\t<h3 class=\"elementor-heading-title elementor-size-default\"><a href=\"https:\/\/www.aok.de\/plus-ewiko\/gesundheitskompetenz\/\">Was ist Gesundheitskompetenz?<\/a><\/h3>\t\t\t\t<\/div>\n\t\t\t\t<\/div>\n\t\t\t\t<div class=\"elementor-element elementor-element-8758fb1 elementor-widget elementor-widget-text-editor\" data-id=\"8758fb1\" data-element_type=\"widget\" data-e-type=\"widget\" data-widget_type=\"text-editor.default\">\n\t\t\t\t<div class=\"elementor-widget-container\">\n\t\t\t\t\t\t\t\t\t<p>Informationen zur Gesundheitskompetenz in Einrichtungen der Gesundheitsversorgung<\/p>\t\t\t\t\t\t\t\t<\/div>\n\t\t\t\t<\/div>\n\t\t\t\t\t<\/div>\n\t\t\t\t<\/div>\n\t\t<div class=\"elementor-element elementor-element-195b057 e-flex e-con-boxed e-con e-parent\" data-id=\"195b057\" data-element_type=\"container\" data-e-type=\"container\">\n\t\t\t\t\t<div class=\"e-con-inner\">\n\t\t\t\t<div class=\"elementor-element elementor-element-d65c039 elementor-widget elementor-widget-image\" data-id=\"d65c039\" data-element_type=\"widget\" data-e-type=\"widget\" data-widget_type=\"image.default\">\n\t\t\t\t<div class=\"elementor-widget-container\">\n\t\t\t\t\t\t\t\t\t\t\t\t\t\t\t\t<a href=\"https:\/\/www.aok.de\/plus-ewiko\/weg-zur-gesundheitskompetenten-einrichtung\/\">\n\t\t\t\t\t\t\t<img decoding=\"async\" width=\"800\" height=\"705\" src=\"https:\/\/www.aok.de\/plus-ewiko\/wp-content\/uploads\/2023\/05\/roadmap-800x705.jpg\" class=\"attachment-home-image size-home-image wp-image-2436\" alt=\"\" \/>\t\t\t\t\t\t\t\t<\/a>\n\t\t\t\t\t\t\t\t\t\t\t\t\t\t\t<\/div>\n\t\t\t\t<\/div>\n\t\t\t\t<div class=\"elementor-element elementor-element-eb2b674 elementor-widget elementor-widget-heading\" data-id=\"eb2b674\" data-element_type=\"widget\" data-e-type=\"widget\" data-widget_type=\"heading.default\">\n\t\t\t\t<div class=\"elementor-widget-container\">\n\t\t\t\t\t<h3 class=\"elementor-heading-title elementor-size-default\"><a href=\"https:\/\/www.aok.de\/plus-ewiko\/weg-zur-gesundheitskompetenten-einrichtung\/\">Der Weg zu einer gesundheitskompetenten Einrichtung<\/a><\/h3>\t\t\t\t<\/div>\n\t\t\t\t<\/div>\n\t\t\t\t<div class=\"elementor-element elementor-element-73d229e elementor-widget elementor-widget-text-editor\" data-id=\"73d229e\" data-element_type=\"widget\" data-e-type=\"widget\" data-widget_type=\"text-editor.default\">\n\t\t\t\t<div class=\"elementor-widget-container\">\n\t\t\t\t\t\t\t\t\t<p>Mit einem ganzheitlichen Programm zur gesundheitskompetenten Einrichtung<\/p>\t\t\t\t\t\t\t\t<\/div>\n\t\t\t\t<\/div>\n\t\t\t\t\t<\/div>\n\t\t\t\t<\/div>\n\t\t<div class=\"elementor-element elementor-element-fcf33cd e-flex e-con-boxed e-con e-parent\" data-id=\"fcf33cd\" data-element_type=\"container\" data-e-type=\"container\">\n\t\t\t\t\t<div class=\"e-con-inner\">\n\t\t\t\t<div class=\"elementor-element elementor-element-7573f9a elementor-widget elementor-widget-image\" data-id=\"7573f9a\" data-element_type=\"widget\" data-e-type=\"widget\" data-widget_type=\"image.default\">\n\t\t\t\t<div class=\"elementor-widget-container\">\n\t\t\t\t\t\t\t\t\t\t\t\t\t\t\t\t<a href=\"https:\/\/www.aok.de\/plus-ewiko\/veroeffentlichungen\/\">\n\t\t\t\t\t\t\t<img loading=\"lazy\" decoding=\"async\" width=\"800\" height=\"705\" src=\"https:\/\/www.aok.de\/plus-ewiko\/wp-content\/uploads\/2023\/05\/publications-800x705.jpg\" class=\"attachment-home-image size-home-image wp-image-2439\" alt=\"\" srcset=\"https:\/\/www.aok.de\/plus-ewiko\/wp-content\/uploads\/2023\/05\/publications-800x705.jpg 800w, https:\/\/www.aok.de\/plus-ewiko\/wp-content\/uploads\/2023\/05\/publications-300x265.jpg 300w, https:\/\/www.aok.de\/plus-ewiko\/wp-content\/uploads\/2023\/05\/publications.jpg 592w\" sizes=\"(max-width: 800px) 100vw, 800px\" \/>\t\t\t\t\t\t\t\t<\/a>\n\t\t\t\t\t\t\t\t\t\t\t\t\t\t\t<\/div>\n\t\t\t\t<\/div>\n\t\t\t\t<div class=\"elementor-element elementor-element-4d4116d elementor-widget elementor-widget-heading\" data-id=\"4d4116d\" data-element_type=\"widget\" data-e-type=\"widget\" data-widget_type=\"heading.default\">\n\t\t\t\t<div class=\"elementor-widget-container\">\n\t\t\t\t\t<h3 class=\"elementor-heading-title elementor-size-default\"><a href=\"https:\/\/www.aok.de\/plus-ewiko\/veroeffentlichungen\/\">Ver\u00f6ffentlichungen<\/a><\/h3>\t\t\t\t<\/div>\n\t\t\t\t<\/div>\n\t\t\t\t<div class=\"elementor-element elementor-element-87b9913 elementor-widget elementor-widget-text-editor\" data-id=\"87b9913\" data-element_type=\"widget\" data-e-type=\"widget\" data-widget_type=\"text-editor.default\">\n\t\t\t\t<div class=\"elementor-widget-container\">\n\t\t\t\t\t\t\t\t\t<p>Ergebnisse und Ver\u00f6ffentlichungen zum Programm \u201eEwiKo\u201c<\/p>\t\t\t\t\t\t\t\t<\/div>\n\t\t\t\t<\/div>\n\t\t\t\t\t<\/div>\n\t\t\t\t<\/div>\n\t\t<div class=\"elementor-element elementor-element-1da3267 e-flex e-con-boxed e-con e-parent\" data-id=\"1da3267\" data-element_type=\"container\" data-e-type=\"container\">\n\t\t\t\t\t<div class=\"e-con-inner\">\n\t\t\t\t<div class=\"elementor-element elementor-element-54f0e1d elementor-widget elementor-widget-image\" data-id=\"54f0e1d\" data-element_type=\"widget\" data-e-type=\"widget\" data-widget_type=\"image.default\">\n\t\t\t\t<div class=\"elementor-widget-container\">\n\t\t\t\t\t\t\t\t\t\t\t\t\t\t\t\t<a href=\"https:\/\/www.aok.de\/plus-ewiko\/produkte\/\">\n\t\t\t\t\t\t\t<img loading=\"lazy\" decoding=\"async\" width=\"800\" height=\"705\" src=\"https:\/\/www.aok.de\/plus-ewiko\/wp-content\/uploads\/2023\/05\/colleagues-800x705.jpg\" class=\"attachment-home-image size-home-image wp-image-2435\" alt=\"\" \/>\t\t\t\t\t\t\t\t<\/a>\n\t\t\t\t\t\t\t\t\t\t\t\t\t\t\t<\/div>\n\t\t\t\t<\/div>\n\t\t\t\t<div class=\"elementor-element elementor-element-5ff97e7 elementor-widget elementor-widget-heading\" data-id=\"5ff97e7\" data-element_type=\"widget\" data-e-type=\"widget\" data-widget_type=\"heading.default\">\n\t\t\t\t<div class=\"elementor-widget-container\">\n\t\t\t\t\t<h3 class=\"elementor-heading-title elementor-size-default\"><a href=\"https:\/\/www.aok.de\/plus-ewiko\/produkte\/\">Gesundheitskompetenz in Ihrer Einrichtung<\/a><\/h3>\t\t\t\t<\/div>\n\t\t\t\t<\/div>\n\t\t\t\t<div class=\"elementor-element elementor-element-df885b4 elementor-widget elementor-widget-text-editor\" data-id=\"df885b4\" data-element_type=\"widget\" data-e-type=\"widget\" data-widget_type=\"text-editor.default\">\n\t\t\t\t<div class=\"elementor-widget-container\">\n\t\t\t\t\t\t\t\t\t<p>Unsere Produkte zur Entwicklung der Gesundheitskompetenz in Ihrer Einrichtung<\/p>\t\t\t\t\t\t\t\t<\/div>\n\t\t\t\t<\/div>\n\t\t\t\t\t<\/div>\n\t\t\t\t<\/div>\n\t\t\t\t\t<\/div>\n\t\t\t\t<\/div>\n\t\t\t\t<\/div>\n\t\t","protected":false},"excerpt":{"rendered":"<p>Willkommen bei \u201eEwiKo\u201c Das wissenschaftlich fundierte und bedarfsorientierte Programm zur Entwicklung der Gesundheitskompetenz in Einrichtungen der Gesundheitsversorgung Was ist das Programm \u201eEwiKo\u201c? Vom wissenschaftlichen Projekt zum wissenschaftlich fundierten und bedarfsorientierten Programm \u201eEwiKo\u201c steht f\u00fcr \u201eEntwicklung der Gesundheitskompetenz in Einrichtungen der Gesundheitsversorgung\u201c. Dabei handelte es sich um ein wissenschaftliches Forschungsprojekt der Hochschule Fulda und AOK PLUS, [&hellip;]<\/p>\n","protected":false},"author":2,"featured_media":0,"parent":0,"menu_order":0,"comment_status":"closed","ping_status":"closed","template":"","meta":{"_acf_changed":false,"inline_featured_image":false,"footnotes":""},"class_list":["post-8","page","type-page","status-publish","hentry"],"acf":[],"_links":{"self":[{"href":"https:\/\/www.aok.de\/plus-ewiko\/wp-json\/wp\/v2\/pages\/8","targetHints":{"allow":["GET"]}}],"collection":[{"href":"https:\/\/www.aok.de\/plus-ewiko\/wp-json\/wp\/v2\/pages"}],"about":[{"href":"https:\/\/www.aok.de\/plus-ewiko\/wp-json\/wp\/v2\/types\/page"}],"author":[{"embeddable":true,"href":"https:\/\/www.aok.de\/plus-ewiko\/wp-json\/wp\/v2\/users\/2"}],"replies":[{"embeddable":true,"href":"https:\/\/www.aok.de\/plus-ewiko\/wp-json\/wp\/v2\/comments?post=8"}],"version-history":[{"count":0,"href":"https:\/\/www.aok.de\/plus-ewiko\/wp-json\/wp\/v2\/pages\/8\/revisions"}],"wp:attachment":[{"href":"https:\/\/www.aok.de\/plus-ewiko\/wp-json\/wp\/v2\/media?parent=8"}],"curies":[{"name":"wp","href":"https:\/\/api.w.org\/{rel}","templated":true}]}}