{"id":34,"date":"2021-05-12T14:08:05","date_gmt":"2021-05-12T12:08:05","guid":{"rendered":"https:\/\/www.aok.de\/plus-ewiko\/plus-ewiko\/?page_id=34"},"modified":"2023-07-26T17:35:56","modified_gmt":"2023-07-26T15:35:56","slug":"produkte","status":"publish","type":"page","link":"https:\/\/www.aok.de\/plus-ewiko\/produkte\/","title":{"rendered":"Produkte"},"content":{"rendered":"\t\t<div data-elementor-type=\"wp-page\" data-elementor-id=\"34\" class=\"elementor elementor-34\" data-elementor-post-type=\"page\">\n\t\t\t\t<div class=\"elementor-element elementor-element-3c6bf18 e-flex e-con-boxed e-con e-parent\" data-id=\"3c6bf18\" data-element_type=\"container\" data-e-type=\"container\">\n\t\t\t\t\t<div class=\"e-con-inner\">\n\t\t\t\t<div class=\"elementor-element elementor-element-a23bb9b elementor-widget elementor-widget-ee-breadcrumbs\" data-id=\"a23bb9b\" data-element_type=\"widget\" data-e-type=\"widget\" data-widget_type=\"ee-breadcrumbs.default\">\n\t\t\t\t<div class=\"elementor-widget-container\">\n\t\t\t\t\t<ul class=\"ee-breadcrumbs\" itemscope=\"\" itemtype=\"http:\/\/schema.org\/BreadcrumbList\"><\/ul>\t\t\t\t<\/div>\n\t\t\t\t<\/div>\n\t\t\t\t\t<\/div>\n\t\t\t\t<\/div>\n\t\t<div class=\"elementor-element elementor-element-9bff520 title-section e-flex e-con-boxed e-con e-parent\" data-id=\"9bff520\" data-element_type=\"container\" data-e-type=\"container\">\n\t\t\t\t\t<div class=\"e-con-inner\">\n\t\t<div class=\"elementor-element elementor-element-2b4967b e-flex e-con-boxed e-con e-parent\" data-id=\"2b4967b\" data-element_type=\"container\" data-e-type=\"container\">\n\t\t\t\t\t<div class=\"e-con-inner\">\n\t\t\t\t<div class=\"elementor-element elementor-element-352340d elementor-widget elementor-widget-heading\" data-id=\"352340d\" data-element_type=\"widget\" data-e-type=\"widget\" data-widget_type=\"heading.default\">\n\t\t\t\t<div class=\"elementor-widget-container\">\n\t\t\t\t\t<h1 class=\"elementor-heading-title elementor-size-default\">Gesundheits&shy;kompetenz in <span>Ihrer Einrichtung<\/span><\/h1>\t\t\t\t<\/div>\n\t\t\t\t<\/div>\n\t\t\t\t<div class=\"elementor-element elementor-element-b6fba9e intro elementor-widget elementor-widget-text-editor\" data-id=\"b6fba9e\" data-element_type=\"widget\" data-e-type=\"widget\" data-widget_type=\"text-editor.default\">\n\t\t\t\t<div class=\"elementor-widget-container\">\n\t\t\t\t\t\t\t\t\t<p>Unsere Produkte zur Entwicklung der Gesundheitskompetenz in Ihrer Einrichtung<\/p>\t\t\t\t\t\t\t\t<\/div>\n\t\t\t\t<\/div>\n\t\t\t\t\t<\/div>\n\t\t\t\t<\/div>\n\t\t\t\t\t<\/div>\n\t\t\t\t<\/div>\n\t\t<div class=\"elementor-element elementor-element-80a4b1e e-flex e-con-boxed e-con e-parent\" data-id=\"80a4b1e\" data-element_type=\"container\" data-e-type=\"container\">\n\t\t\t\t\t<div class=\"e-con-inner\">\n\t\t<div class=\"elementor-element elementor-element-8fa907d e-con-full e-flex e-con e-parent\" data-id=\"8fa907d\" data-element_type=\"container\" data-e-type=\"container\" data-settings=\"{&quot;background_background&quot;:&quot;classic&quot;}\">\n\t\t<div class=\"elementor-element elementor-element-122a008 e-flex e-con-boxed e-con e-parent\" data-id=\"122a008\" data-element_type=\"container\" data-e-type=\"container\">\n\t\t\t\t\t<div class=\"e-con-inner\">\n\t\t\t\t<div class=\"elementor-element elementor-element-c970944 elementor-widget elementor-widget-heading\" data-id=\"c970944\" data-element_type=\"widget\" data-e-type=\"widget\" data-widget_type=\"heading.default\">\n\t\t\t\t<div class=\"elementor-widget-container\">\n\t\t\t\t\t<h2 class=\"elementor-heading-title elementor-size-default\">Die Toolboxen<\/h2>\t\t\t\t<\/div>\n\t\t\t\t<\/div>\n\t\t\t\t<div class=\"elementor-element elementor-element-aea8946 elementor-widget__width-initial elementor-widget elementor-widget-text-editor\" data-id=\"aea8946\" data-element_type=\"widget\" data-e-type=\"widget\" data-widget_type=\"text-editor.default\">\n\t\t\t\t<div class=\"elementor-widget-container\">\n\t\t\t\t\t\t\t\t\t<p>Die Toolbox stellt Informationen zum Konzept der Gesundheits\u00adkompetenz, Handlungs\u00adanleitungen zur Entwicklung der Gesundheits\u00adkompetenz in einzelnen Handlungs\u00adfeldern der organisationalen Gesundheits\u00adkompetenz und Checklisten bereit. Diese Materialien sollen Sie dabei unterst\u00fctzen, den Grundstein zur Entwicklung der Gesundheits\u00adkompetenz in Ihrer Einrichtung zu legen.<\/p><p>\u00a0<\/p>\t\t\t\t\t\t\t\t<\/div>\n\t\t\t\t<\/div>\n\t\t\t\t\t<\/div>\n\t\t\t\t<\/div>\n\t\t\t\t<div class=\"elementor-element elementor-element-2f3eb2f elementor-widget elementor-widget-button\" data-id=\"2f3eb2f\" data-element_type=\"widget\" data-e-type=\"widget\" data-widget_type=\"button.default\">\n\t\t\t\t<div class=\"elementor-widget-container\">\n\t\t\t\t\t\t\t\t\t<div class=\"elementor-button-wrapper\">\n\t\t\t\t\t<a class=\"elementor-button elementor-button-link elementor-size-sm\" href=\"https:\/\/www.aok.de\/plus-ewiko\/produkte\/toolbox\/\">\n\t\t\t\t\t\t<span class=\"elementor-button-content-wrapper\">\n\t\t\t\t\t\t\t\t\t<span class=\"elementor-button-text\">Zu den Toolboxen<\/span>\n\t\t\t\t\t<\/span>\n\t\t\t\t\t<\/a>\n\t\t\t\t<\/div>\n\t\t\t\t\t\t\t\t<\/div>\n\t\t\t\t<\/div>\n\t\t\t\t<div class=\"elementor-element elementor-element-12094fa elementor-absolute elementor-view-default elementor-widget elementor-widget-icon\" data-id=\"12094fa\" data-element_type=\"widget\" data-e-type=\"widget\" data-settings=\"{&quot;_position&quot;:&quot;absolute&quot;}\" data-widget_type=\"icon.default\">\n\t\t\t\t<div class=\"elementor-widget-container\">\n\t\t\t\t\t\t\t<div class=\"elementor-icon-wrapper\">\n\t\t\t<div class=\"elementor-icon\">\n\t\t\t<svg xmlns=\"http:\/\/www.w3.org\/2000\/svg\" xmlns:xlink=\"http:\/\/www.w3.org\/1999\/xlink\" fill=\"none\" height=\"79\" viewBox=\"0 0 80 79\" width=\"80\"><clipPath id=\"a\"><path d=\"m29 44h22v20h-22z\"><\/path><\/clipPath><g opacity=\".4\"><path clip-rule=\"evenodd\" d=\"m58.3332 20.5771h11.6666c4.6002.0054 8.328 3.6866 8.3334 8.2292v32.9167c-.0054 4.5426-3.7332 8.2238-8.3334 8.2291h-59.99996c-4.60014-.0053-8.32794-3.6865-8.33334-8.2291v-32.9167c.0054-4.5426 3.7332-8.2238 8.33334-8.2292h11.66666v-3.2916c-.1037-2.2124.7409-4.3655 2.3268-5.9315 1.5858-1.56604 3.7662-2.40011 6.0065-2.2977h20c2.2404-.10241 4.4208.73166 6.0066 2.2977 1.5859 1.566 2.4305 3.7191 2.3268 5.9315zm-48.33336 46.0834h59.99996c2.7602-.003 4.997-2.2119 5-4.9375v-19.75h-69.99996v19.75c.00301 2.7256 2.23982 4.9345 5 4.9375zm0-42.7917h59.99996c2.7602.003 4.997 2.2118 5 4.9375v9.875h-69.99996v-9.875c.00301-2.7257 2.23982-4.9345 5-4.9375zm16.36106-10.1768c-.9589.9469-1.4553 2.2576-1.3611 3.5935v3.2916h30v-3.2916c.0943-1.3359-.4022-2.6466-1.361-3.5935-.9589-.9469-2.2862-1.4371-3.639-1.344h-20c-1.3527-.0931-2.68.3971-3.6389 1.344z\" fill=\"#004730\" fill-rule=\"evenodd\"><\/path><g clip-path=\"url(#a)\"><path clip-rule=\"evenodd\" d=\"m44.6556 56.0171 4.7594 4.579-3.1265 3.0092-4.7621-4.5777.6668-.6408 4.0953 3.9369 1.7955-1.7276-4.0952-3.9382zm2.5402-9.6329c-1.3541-.3368-2.7916.0658-3.7454 1.05-.9688 1.0237-1.2667 2.4816-.7721 3.7829l.1012.2711-9.0528 8.7158 1.7955 1.7276 9.0323-8.6908.2869.1092c1.4143.5382 3.0254.2184 4.1008-.8158.951-.921 1.3282-2.2552.992-3.5131l-2.1289 2.05-2.1003-.6066-.6395-2.029zm-10.4383-.6947-6.2885 6.05 1.7969 1.7289 7.2149-6.9408zm9.7387-.3224c.4605.0237.9224.1132 1.3706.2697.2309.0803.4044.2685.4564.5.0533.2277-.0191.4645-.1913.629l-2.0019 1.9263.3293 1.0434 1.0782.3105 2.0032-1.9263c.1694-.1657.4168-.2355.6532-.1828.2391.05.4345.2157.5178.4368.3621.9566.384 2.0013.0602 2.9697-.8049 2.404-3.4818 3.725-5.981 2.9513l-9.2687 8.9185-3.1278-3.0092 9.3028-8.9566c-.4755-1.5553-.071-3.2356 1.0645-4.4316.977-1.0079 2.3517-1.5211 3.7345-1.4487zm-9.9983-.7092 4.7416 1.4605-3.4367 3.3053 2.0593 1.9816-.6655.6421-2.0593-1.9829-1.7982 1.7289 2.0606 1.9816-.6655.6408-2.0606-1.9816-2.4077 2.3171-3.1292-3.0118z\" fill=\"#004730\" fill-rule=\"evenodd\"><\/path><\/g><\/g><\/svg>\t\t\t<\/div>\n\t\t<\/div>\n\t\t\t\t\t\t<\/div>\n\t\t\t\t<\/div>\n\t\t\t\t<\/div>\n\t\t<div class=\"elementor-element elementor-element-c5a6b64 e-con-full e-flex e-con e-parent\" data-id=\"c5a6b64\" data-element_type=\"container\" data-e-type=\"container\" data-settings=\"{&quot;background_background&quot;:&quot;classic&quot;}\">\n\t\t<div class=\"elementor-element elementor-element-097b425 e-flex e-con-boxed e-con e-parent\" data-id=\"097b425\" data-element_type=\"container\" data-e-type=\"container\">\n\t\t\t\t\t<div class=\"e-con-inner\">\n\t\t\t\t<div class=\"elementor-element elementor-element-17170e4 elementor-widget elementor-widget-heading\" data-id=\"17170e4\" data-element_type=\"widget\" data-e-type=\"widget\" data-widget_type=\"heading.default\">\n\t\t\t\t<div class=\"elementor-widget-container\">\n\t\t\t\t\t<h2 class=\"elementor-heading-title elementor-size-default\">Die Selbstchecks<\/h2>\t\t\t\t<\/div>\n\t\t\t\t<\/div>\n\t\t\t\t<div class=\"elementor-element elementor-element-dcc7801 elementor-widget__width-initial elementor-widget elementor-widget-text-editor\" data-id=\"dcc7801\" data-element_type=\"widget\" data-e-type=\"widget\" data-widget_type=\"text-editor.default\">\n\t\t\t\t<div class=\"elementor-widget-container\">\n\t\t\t\t\t\t\t\t\t<p>Der Selbstcheck dient dazu, das Ausma\u00df der organisationalen Gesundheits\u00adkompetenz in Ihrer Einrichtung zu erfassen und Bedarfe zur Verbesserung aufzudecken. Die Selbstchecks unterst\u00fctzen Sie dabei, einrichtungsspezifische Bedarfe in den einzelnen Handlungsfeldern der Gesundheits\u00adkompetenz zu erfassen.<\/p><p>\u00a0<\/p>\t\t\t\t\t\t\t\t<\/div>\n\t\t\t\t<\/div>\n\t\t\t\t\t<\/div>\n\t\t\t\t<\/div>\n\t\t\t\t<div class=\"elementor-element elementor-element-127629b elementor-widget elementor-widget-button\" data-id=\"127629b\" data-element_type=\"widget\" data-e-type=\"widget\" data-widget_type=\"button.default\">\n\t\t\t\t<div class=\"elementor-widget-container\">\n\t\t\t\t\t\t\t\t\t<div class=\"elementor-button-wrapper\">\n\t\t\t\t\t<a class=\"elementor-button elementor-button-link elementor-size-sm\" href=\"https:\/\/www.aok.de\/plus-ewiko\/produkte\/selbstchecks\/\">\n\t\t\t\t\t\t<span class=\"elementor-button-content-wrapper\">\n\t\t\t\t\t\t\t\t\t<span class=\"elementor-button-text\">Zu den Selbstchecks<\/span>\n\t\t\t\t\t<\/span>\n\t\t\t\t\t<\/a>\n\t\t\t\t<\/div>\n\t\t\t\t\t\t\t\t<\/div>\n\t\t\t\t<\/div>\n\t\t\t\t<div class=\"elementor-element elementor-element-e84e644 elementor-absolute elementor-view-default elementor-widget elementor-widget-icon\" data-id=\"e84e644\" data-element_type=\"widget\" data-e-type=\"widget\" data-settings=\"{&quot;_position&quot;:&quot;absolute&quot;}\" data-widget_type=\"icon.default\">\n\t\t\t\t<div class=\"elementor-widget-container\">\n\t\t\t\t\t\t\t<div class=\"elementor-icon-wrapper\">\n\t\t\t<div class=\"elementor-icon\">\n\t\t\t<svg xmlns=\"http:\/\/www.w3.org\/2000\/svg\" fill=\"none\" height=\"80\" viewBox=\"0 0 80 80\" width=\"80\"><path clip-rule=\"evenodd\" d=\"m36.6667 78.3333h-18.3334c-4.6001-.0054-8.3279-3.7332-8.3333-8.3333v-60.00001c.0054-4.60013 3.7332-8.32793 8.3333-8.33333h40c4.6002.0054 8.328 3.7332 8.3334 8.33333v40.00001h-3.3334v-40.00001c-.003-2.76018-2.2398-4.99699-5-5h-40c-2.7601.00301-4.997 2.23982-5 5v60.00001c.003 2.7602 2.2399 4.997 5 5h18.3334zm-15-55h33.3333v3.3334h-33.3333zm0 11.6667h33.3333v3.3333h-33.3333zm33.3333 11.6667h-33.3333v3.3333h33.3333zm-7.8162 30.6916c.6287.6268 1.4809.9776 2.3687.975.8851.0023 1.7348-.3472 2.3622-.9716l22.252-22.0117-2.3606-2.3633-22.265 22.0051-8.8603-8.6783-2.3475 2.3763z\" fill=\"#004730\" fill-rule=\"evenodd\" opacity=\".4\"><\/path><\/svg>\t\t\t<\/div>\n\t\t<\/div>\n\t\t\t\t\t\t<\/div>\n\t\t\t\t<\/div>\n\t\t\t\t<\/div>\n\t\t\t\t\t<\/div>\n\t\t\t\t<\/div>\n\t\t<div class=\"elementor-element elementor-element-fedb77d e-flex e-con-boxed e-con e-parent\" data-id=\"fedb77d\" data-element_type=\"container\" data-e-type=\"container\">\n\t\t\t\t\t<div class=\"e-con-inner\">\n\t\t<div class=\"elementor-element elementor-element-f1f23bf e-con-full e-flex e-con e-parent\" data-id=\"f1f23bf\" data-element_type=\"container\" data-e-type=\"container\" data-settings=\"{&quot;background_background&quot;:&quot;classic&quot;}\">\n\t\t<div class=\"elementor-element elementor-element-b7c1ce4 e-flex e-con-boxed e-con e-parent\" data-id=\"b7c1ce4\" data-element_type=\"container\" data-e-type=\"container\">\n\t\t\t\t\t<div class=\"e-con-inner\">\n\t\t\t\t<div class=\"elementor-element elementor-element-f882bb8 elementor-widget elementor-widget-heading\" data-id=\"f882bb8\" data-element_type=\"widget\" data-e-type=\"widget\" data-widget_type=\"heading.default\">\n\t\t\t\t<div class=\"elementor-widget-container\">\n\t\t\t\t\t<h2 class=\"elementor-heading-title elementor-size-default\">Die Tool-Datenbank<\/h2>\t\t\t\t<\/div>\n\t\t\t\t<\/div>\n\t\t\t\t<div class=\"elementor-element elementor-element-18c7e0a elementor-widget__width-initial elementor-widget elementor-widget-text-editor\" data-id=\"18c7e0a\" data-element_type=\"widget\" data-e-type=\"widget\" data-widget_type=\"text-editor.default\">\n\t\t\t\t<div class=\"elementor-widget-container\">\n\t\t\t\t\t\t\t\t\t<p>Die Tool-Datenbank stellt eine \u00dcbersicht \u00fcber Tools zur St\u00e4rkung der Gesundheits\u00adkompetenz pro Handlungsfeld der organisationalen Gesundheits\u00adkompetenz zur Verf\u00fcgung (mit Filterfunktion).<\/p><p>\u00a0<\/p>\t\t\t\t\t\t\t\t<\/div>\n\t\t\t\t<\/div>\n\t\t\t\t\t<\/div>\n\t\t\t\t<\/div>\n\t\t\t\t<div class=\"elementor-element elementor-element-c75a0c1 elementor-widget elementor-widget-button\" data-id=\"c75a0c1\" data-element_type=\"widget\" data-e-type=\"widget\" data-widget_type=\"button.default\">\n\t\t\t\t<div class=\"elementor-widget-container\">\n\t\t\t\t\t\t\t\t\t<div class=\"elementor-button-wrapper\">\n\t\t\t\t\t<a class=\"elementor-button elementor-button-link elementor-size-sm\" href=\"https:\/\/www.aok.de\/plus-ewiko\/produkte\/tool-datenbank\/\">\n\t\t\t\t\t\t<span class=\"elementor-button-content-wrapper\">\n\t\t\t\t\t\t\t\t\t<span class=\"elementor-button-text\">Zur Datenbank<\/span>\n\t\t\t\t\t<\/span>\n\t\t\t\t\t<\/a>\n\t\t\t\t<\/div>\n\t\t\t\t\t\t\t\t<\/div>\n\t\t\t\t<\/div>\n\t\t\t\t<div class=\"elementor-element elementor-element-1089a17 elementor-absolute elementor-view-default elementor-widget elementor-widget-icon\" data-id=\"1089a17\" data-element_type=\"widget\" data-e-type=\"widget\" data-settings=\"{&quot;_position&quot;:&quot;absolute&quot;}\" data-widget_type=\"icon.default\">\n\t\t\t\t<div class=\"elementor-widget-container\">\n\t\t\t\t\t\t\t<div class=\"elementor-icon-wrapper\">\n\t\t\t<div class=\"elementor-icon\">\n\t\t\t<svg xmlns=\"http:\/\/www.w3.org\/2000\/svg\" viewBox=\"0 0 80 81\"><g clip-rule=\"evenodd\" fill=\"#004730\" fill-rule=\"evenodd\" opacity=\".4\"><path d=\"m6.7 10.1h66.7c2.8 0 5 2.3 5 5.1v40.5c0 2.8-2.2 5.1-5 5.1h-31.7v6.8h15v3.4h-33.4v-3.4h15v-6.8h-31.6c-2.8 0-5-2.3-5-5.1v-40.5c0-2.8 2.2-5.1 5-5.1zm66.6 47.3c.9 0 1.7-.8 1.7-1.7v-40.5c0-.9-.7-1.7-1.7-1.7h-66.6c-.9 0-1.7.8-1.7 1.7v40.5c0 .9.7 1.7 1.7 1.7z\"><\/path><path d=\"m45.2 37.4 5.8 5.5-3.8 3.6-5.8-5.5.8-.8 5 4.7 2.2-2.1-5-4.7zm3.1-11.5c-1.7-.4-3.4.1-4.6 1.3s-1.6 3-.9 4.5l.1.3-11.1 10.4 2.2 2.1 11.1-10.4.4.1c1.7.6 3.7.3 5-1 1.2-1.1 1.6-2.7 1.2-4.2l-2.6 2.5-2.6-.7-.8-2.4zm-12.8-.9-7.7 7.3 2.2 2.1 8.9-8.3zm12-.4c.6 0 1.1.1 1.7.3.3.1.5.3.6.6s0 .6-.2.8l-2.6 2.3.4 1.3 1.3.4 2.5-2.3c.2-.2.5-.3.8-.2s.5.3.6.5c.4 1.1.5 2.4.1 3.6-1 2.9-4.3 4.5-7.3 3.5l-11.4 10.7-3.8-3.6 11.4-10.7c-.6-1.9-.1-3.9 1.3-5.3 1.2-1.3 2.9-1.9 4.6-1.9zm-12.3-.8 5.8 1.8-4.2 4 2.5 2.4-.8.8-2.5-2.5-2.2 2.1 2.5 2.4-.8.8-2.5-2.5-3 2.8-3.8-3.6z\"><\/path><\/g><\/svg>\t\t\t<\/div>\n\t\t<\/div>\n\t\t\t\t\t\t<\/div>\n\t\t\t\t<\/div>\n\t\t\t\t<\/div>\n\t\t<div class=\"elementor-element elementor-element-16a174c e-con-full e-flex e-con e-parent\" data-id=\"16a174c\" data-element_type=\"container\" data-e-type=\"container\" data-settings=\"{&quot;background_background&quot;:&quot;classic&quot;}\">\n\t\t<div class=\"elementor-element elementor-element-df9d765 e-flex e-con-boxed e-con e-parent\" data-id=\"df9d765\" data-element_type=\"container\" data-e-type=\"container\">\n\t\t\t\t\t<div class=\"e-con-inner\">\n\t\t\t\t<div class=\"elementor-element elementor-element-8f8540c elementor-widget elementor-widget-heading\" data-id=\"8f8540c\" data-element_type=\"widget\" data-e-type=\"widget\" data-widget_type=\"heading.default\">\n\t\t\t\t<div class=\"elementor-widget-container\">\n\t\t\t\t\t<h2 class=\"elementor-heading-title elementor-size-default\">Die Praxisleitf\u00e4den<\/h2>\t\t\t\t<\/div>\n\t\t\t\t<\/div>\n\t\t\t\t<div class=\"elementor-element elementor-element-f5c584d elementor-widget__width-initial elementor-widget elementor-widget-text-editor\" data-id=\"f5c584d\" data-element_type=\"widget\" data-e-type=\"widget\" data-widget_type=\"text-editor.default\">\n\t\t\t\t<div class=\"elementor-widget-container\">\n\t\t\t\t\t\t\t\t\t<p>Die Praxisleitf\u00e4den bieten Ihnen und Ihrer Einrichtung f\u00fcr jedes Handlungsfeld der organisationalen Gesundheits\u00adkompetenz eine Praxis-Anleitung mit Fallbeispielen, Vorlagen, Checklisten und Handzetteln zur Umsetzung von Tools.<\/p><p>\u00a0<\/p>\t\t\t\t\t\t\t\t<\/div>\n\t\t\t\t<\/div>\n\t\t\t\t\t<\/div>\n\t\t\t\t<\/div>\n\t\t\t\t<div class=\"elementor-element elementor-element-164f00d elementor-widget elementor-widget-button\" data-id=\"164f00d\" data-element_type=\"widget\" data-e-type=\"widget\" data-widget_type=\"button.default\">\n\t\t\t\t<div class=\"elementor-widget-container\">\n\t\t\t\t\t\t\t\t\t<div class=\"elementor-button-wrapper\">\n\t\t\t\t\t<a class=\"elementor-button elementor-button-link elementor-size-sm\" href=\"https:\/\/www.aok.de\/plus-ewiko\/produkte\/praxisleitfaeden\/\">\n\t\t\t\t\t\t<span class=\"elementor-button-content-wrapper\">\n\t\t\t\t\t\t\t\t\t<span class=\"elementor-button-text\">Zu den Praxisleitf\u00e4den<\/span>\n\t\t\t\t\t<\/span>\n\t\t\t\t\t<\/a>\n\t\t\t\t<\/div>\n\t\t\t\t\t\t\t\t<\/div>\n\t\t\t\t<\/div>\n\t\t\t\t<div class=\"elementor-element elementor-element-f427a02 elementor-absolute elementor-view-default elementor-widget elementor-widget-icon\" data-id=\"f427a02\" data-element_type=\"widget\" data-e-type=\"widget\" data-settings=\"{&quot;_position&quot;:&quot;absolute&quot;}\" data-widget_type=\"icon.default\">\n\t\t\t\t<div class=\"elementor-widget-container\">\n\t\t\t\t\t\t\t<div class=\"elementor-icon-wrapper\">\n\t\t\t<div class=\"elementor-icon\">\n\t\t\t<svg xmlns=\"http:\/\/www.w3.org\/2000\/svg\" fill=\"none\" height=\"80\" viewBox=\"0 0 80 80\" width=\"80\"><path clip-rule=\"evenodd\" d=\"m8.33333 71.6667v-60c.00302-2.76014 2.23987-4.99695 4.99997-4.99996h40c2.7602.00301 4.997 2.23982 5 4.99996v16.6667h3.3334v-16.6667c-.0054-4.6001-3.7332-8.3279-8.3334-8.3333h-40c-4.6001.0054-8.3279 3.7332-8.3333 8.3333v60c.0054 4.6002 3.7332 8.328 8.3333 8.3334h20v-3.3334h-20c-2.7601-.003-4.99695-2.2398-4.99997-5zm6.66667-48.3378h33.3333v3.3334h-33.3333zm0 11.6712h15v3.3333h-15zm16.6667 11.6666h-16.6667v3.3334h16.6667zm21.3045 31.6657c-1.2431-.0168-2.4815-.1551-3.6976-.4129-1.1601-.2308-6.49-1.4966-7.7906-1.8054l-.0009-.0003-.1057-.0251h-8.0431v-15.685h7.8636c.6173-.3078 2.0079-.9949 3.184-1.5186 2.2323-.9536 4.7547-.9668 6.9968-.0365 1.0463.4347 7.8447 3.3465 7.8447 3.3465 1.0453.4412 1.8707 1.2822 2.2924 2.3355.1685.4183.2709.8603.3035 1.31 2.536-1.1279 5.8043-2.5842 7.6981-3.4281l.0111-.0049c.9167-.4085 1.5086-.6723 1.5348-.6837 2.1382-.9835 4.6694-.057 5.6675 2.0744.998 2.1414.0743 4.6865-2.0647 5.6893-1.7131.7936-16.7312 7.7419-18.151 8.2656-1.1374.4009-2.337.597-3.5429.5792zm-16.6494-5.2313 5.577.0409c.0657.016 6.7181 1.6003 7.957 1.8483 1.848.4555 3.7805.4424 5.6223-.0379.9893-.3661 11.262-5.0883 17.9262-8.1722.644-.3051.9198-1.0737.6166-1.7186-.3033-.6449-1.0711-.9228-1.7169-.6214-.5092.2291-11.9187 5.3144-12.8584 5.7171-.6503.2531-1.3535.3399-2.0458.2523-.5262-.0167-1.0447-.131-1.5292-.3369l-6.9998-3.0022 1.179-2.7455 6.9253 2.9701c.2034.0598.4113.1032.6216.1299.6042-.0245 1.1106-.4645 1.2194-1.0592.1088-.5948-.2092-1.1855-.7656-1.4223-.0043-.0029-6.7765-2.903-7.8212-3.3362-1.4845-.6137-3.1523-.6106-4.6345.0087-1.4511.6448-3.2449 1.5514-3.3618 1.6104l-.006.003-.3181.162h-5.5871zm28.2603-36.1486c-1.3317-1.2501-3.1382-1.9524-5.022-1.9524s-3.6903.7023-5.022 1.9524l-1.2162 1.1473-1.2178-1.1458c-2.7859-2.5821-7.273-2.5639-10.0349.0408-2.762 2.6047-2.7585 6.8146.0079 9.4151l11.2233 10.2568 2.1875-2.1106-11.2067-10.2409c-1.5385-1.4669-1.5378-3.8206.0016-5.2866 1.5696-1.3991 4.0331-1.3972 5.6002.0043l3.442 3.2392 3.4358-3.2421c1.5678-1.4003 4.0308-1.4003 5.5987 0 1.4364 1.3385 1.5697 3.4766.3094 4.9631l-.2405.2559 2.3528 1.9467.2803-.299c2.3117-2.6547 2.1045-6.5206-.4794-8.9442zm-6.8048 9.7142h2.7787v2.7778h2.7773v2.7778h-2.7773v2.7778h-2.7787v-2.7778h-2.7773v-2.7778h2.7773z\" fill=\"#004730\" fill-rule=\"evenodd\" opacity=\".4\"><\/path><\/svg>\t\t\t<\/div>\n\t\t<\/div>\n\t\t\t\t\t\t<\/div>\n\t\t\t\t<\/div>\n\t\t\t\t<\/div>\n\t\t\t\t\t<\/div>\n\t\t\t\t<\/div>\n\t\t\t\t<\/div>\n\t\t","protected":false},"excerpt":{"rendered":"<p>Gesundheits&shy;kompetenz in Ihrer Einrichtung Unsere Produkte zur Entwicklung der Gesundheitskompetenz in Ihrer Einrichtung Die Toolboxen Die Toolbox stellt Informationen zum Konzept der Gesundheits\u00adkompetenz, Handlungs\u00adanleitungen zur Entwicklung der Gesundheits\u00adkompetenz in einzelnen Handlungs\u00adfeldern der organisationalen Gesundheits\u00adkompetenz und Checklisten bereit. Diese Materialien sollen Sie dabei unterst\u00fctzen, den Grundstein zur Entwicklung der Gesundheits\u00adkompetenz in Ihrer Einrichtung zu legen. \u00a0 [&hellip;]<\/p>\n","protected":false},"author":2,"featured_media":0,"parent":0,"menu_order":0,"comment_status":"closed","ping_status":"closed","template":"","meta":{"_acf_changed":false,"inline_featured_image":false,"footnotes":""},"class_list":["post-34","page","type-page","status-publish","hentry"],"acf":[],"_links":{"self":[{"href":"https:\/\/www.aok.de\/plus-ewiko\/wp-json\/wp\/v2\/pages\/34","targetHints":{"allow":["GET"]}}],"collection":[{"href":"https:\/\/www.aok.de\/plus-ewiko\/wp-json\/wp\/v2\/pages"}],"about":[{"href":"https:\/\/www.aok.de\/plus-ewiko\/wp-json\/wp\/v2\/types\/page"}],"author":[{"embeddable":true,"href":"https:\/\/www.aok.de\/plus-ewiko\/wp-json\/wp\/v2\/users\/2"}],"replies":[{"embeddable":true,"href":"https:\/\/www.aok.de\/plus-ewiko\/wp-json\/wp\/v2\/comments?post=34"}],"version-history":[{"count":0,"href":"https:\/\/www.aok.de\/plus-ewiko\/wp-json\/wp\/v2\/pages\/34\/revisions"}],"wp:attachment":[{"href":"https:\/\/www.aok.de\/plus-ewiko\/wp-json\/wp\/v2\/media?parent=34"}],"curies":[{"name":"wp","href":"https:\/\/api.w.org\/{rel}","templated":true}]}}