{"id":2386,"date":"2023-05-25T22:25:01","date_gmt":"2023-05-25T20:25:01","guid":{"rendered":"https:\/\/www.aok.de\/plus-ewiko\/plus-ewiko\/produkte\/selbstcheck-krankenhaus-copy\/"},"modified":"2023-06-19T17:18:02","modified_gmt":"2023-06-19T15:18:02","slug":"selbstcheck-werkstatt","status":"publish","type":"page","link":"https:\/\/www.aok.de\/plus-ewiko\/produkte\/selbstcheck-werkstatt\/","title":{"rendered":"Selbstcheck f\u00fcr Werkst\u00e4tten f\u00fcr Menschen mit Behinderung"},"content":{"rendered":"\t\t<div data-elementor-type=\"wp-page\" data-elementor-id=\"2386\" class=\"elementor elementor-2386\" data-elementor-post-type=\"page\">\n\t\t\t\t<div class=\"elementor-element elementor-element-c13a2d7 e-flex e-con-boxed e-con e-parent\" data-id=\"c13a2d7\" data-element_type=\"container\" data-e-type=\"container\">\n\t\t\t\t\t<div class=\"e-con-inner\">\n\t\t\t\t<div class=\"elementor-element elementor-element-184777d elementor-widget elementor-widget-ee-breadcrumbs\" data-id=\"184777d\" data-element_type=\"widget\" data-e-type=\"widget\" data-widget_type=\"ee-breadcrumbs.default\">\n\t\t\t\t<div class=\"elementor-widget-container\">\n\t\t\t\t\t<ul class=\"ee-breadcrumbs\" itemscope=\"\" itemtype=\"http:\/\/schema.org\/BreadcrumbList\"><\/ul>\t\t\t\t<\/div>\n\t\t\t\t<\/div>\n\t\t\t\t\t<\/div>\n\t\t\t\t<\/div>\n\t\t<div class=\"elementor-element elementor-element-5786502 title-section e-flex e-con-boxed e-con e-parent\" data-id=\"5786502\" data-element_type=\"container\" data-e-type=\"container\">\n\t\t\t\t\t<div class=\"e-con-inner\">\n\t\t<div class=\"elementor-element elementor-element-19dc2cd e-flex e-con-boxed e-con e-parent\" data-id=\"19dc2cd\" data-element_type=\"container\" data-e-type=\"container\">\n\t\t\t\t\t<div class=\"e-con-inner\">\n\t\t\t\t<div class=\"elementor-element elementor-element-4b64d80 elementor-widget elementor-widget-heading\" data-id=\"4b64d80\" data-element_type=\"widget\" data-e-type=\"widget\" data-widget_type=\"heading.default\">\n\t\t\t\t<div class=\"elementor-widget-container\">\n\t\t\t\t\t<h1 class=\"elementor-heading-title elementor-size-default\">Der Selbstcheck f\u00fcr Werkst\u00e4tten f\u00fcr Menschen mit Behinderung<\/h1>\t\t\t\t<\/div>\n\t\t\t\t<\/div>\n\t\t\t\t<div class=\"elementor-element elementor-element-353792c elementor-widget elementor-widget-text-editor\" data-id=\"353792c\" data-element_type=\"widget\" data-e-type=\"widget\" data-widget_type=\"text-editor.default\">\n\t\t\t\t<div class=\"elementor-widget-container\">\n\t\t\t\t\t\t\t\t\t<p>Der Selbstcheck dient als eine \u201eDiagnose\u201c des IST-Zustandes der Gesundheitskompetenz in Ihrer Werkstatt. Bitte f\u00fcllen Sie diesen allein oder gemeinsam mit der AG Gesundheitskompetenz aus.<\/p>\t\t\t\t\t\t\t\t<\/div>\n\t\t\t\t<\/div>\n\t\t\t\t\t<\/div>\n\t\t\t\t<\/div>\n\t\t\t\t\t<\/div>\n\t\t\t\t<\/div>\n\t\t<div class=\"elementor-element elementor-element-ccac734 e-flex e-con-boxed e-con e-parent\" data-id=\"ccac734\" data-element_type=\"container\" data-e-type=\"container\">\n\t\t\t\t\t<div class=\"e-con-inner\">\n\t\t\t\t<div class=\"elementor-element elementor-element-433c5d8 elementor-widget elementor-widget-html\" data-id=\"433c5d8\" data-element_type=\"widget\" data-e-type=\"widget\" data-widget_type=\"html.default\">\n\t\t\t\t<div class=\"elementor-widget-container\">\n\t\t\t\t\t<ewiko-selfcheck id=\"2714\"><\/ewiko-selfcheck>\t\t\t\t<\/div>\n\t\t\t\t<\/div>\n\t\t\t\t\t<\/div>\n\t\t\t\t<\/div>\n\t\t\t\t<\/div>\n\t\t","protected":false},"excerpt":{"rendered":"<p>Der Selbstcheck f\u00fcr Werkst\u00e4tten f\u00fcr Menschen mit Behinderung Der Selbstcheck dient als eine \u201eDiagnose\u201c des IST-Zustandes der Gesundheitskompetenz in Ihrer Werkstatt. Bitte f\u00fcllen Sie diesen allein oder gemeinsam mit der AG Gesundheitskompetenz aus.<\/p>\n","protected":false},"author":1,"featured_media":0,"parent":34,"menu_order":4,"comment_status":"closed","ping_status":"closed","template":"","meta":{"_acf_changed":false,"inline_featured_image":false,"footnotes":""},"class_list":["post-2386","page","type-page","status-publish","hentry"],"acf":[],"_links":{"self":[{"href":"https:\/\/www.aok.de\/plus-ewiko\/wp-json\/wp\/v2\/pages\/2386","targetHints":{"allow":["GET"]}}],"collection":[{"href":"https:\/\/www.aok.de\/plus-ewiko\/wp-json\/wp\/v2\/pages"}],"about":[{"href":"https:\/\/www.aok.de\/plus-ewiko\/wp-json\/wp\/v2\/types\/page"}],"author":[{"embeddable":true,"href":"https:\/\/www.aok.de\/plus-ewiko\/wp-json\/wp\/v2\/users\/1"}],"replies":[{"embeddable":true,"href":"https:\/\/www.aok.de\/plus-ewiko\/wp-json\/wp\/v2\/comments?post=2386"}],"version-history":[{"count":0,"href":"https:\/\/www.aok.de\/plus-ewiko\/wp-json\/wp\/v2\/pages\/2386\/revisions"}],"up":[{"embeddable":true,"href":"https:\/\/www.aok.de\/plus-ewiko\/wp-json\/wp\/v2\/pages\/34"}],"wp:attachment":[{"href":"https:\/\/www.aok.de\/plus-ewiko\/wp-json\/wp\/v2\/media?parent=2386"}],"curies":[{"name":"wp","href":"https:\/\/api.w.org\/{rel}","templated":true}]}}