{"id":2320,"date":"2023-05-25T13:47:02","date_gmt":"2023-05-25T11:47:02","guid":{"rendered":"https:\/\/www.aok.de\/plus-ewiko\/plus-ewiko\/weg-zur-gesundheitskompetenten-einrichtung\/schritt-1-copy\/"},"modified":"2023-07-14T17:25:21","modified_gmt":"2023-07-14T15:25:21","slug":"schritt-7","status":"publish","type":"page","link":"https:\/\/www.aok.de\/plus-ewiko\/weg-zur-gesundheitskompetenten-einrichtung\/schritt-7\/","title":{"rendered":"Schritt 7"},"content":{"rendered":"\t\t<div data-elementor-type=\"wp-page\" data-elementor-id=\"2320\" class=\"elementor elementor-2320\" data-elementor-post-type=\"page\">\n\t\t\t\t<div class=\"elementor-element elementor-element-df96cc2 e-flex e-con-boxed e-con e-parent\" data-id=\"df96cc2\" data-element_type=\"container\" data-e-type=\"container\">\n\t\t\t\t\t<div class=\"e-con-inner\">\n\t\t\t\t<div class=\"elementor-element elementor-element-152a423 elementor-widget elementor-widget-ee-breadcrumbs\" data-id=\"152a423\" data-element_type=\"widget\" data-e-type=\"widget\" data-widget_type=\"ee-breadcrumbs.default\">\n\t\t\t\t<div class=\"elementor-widget-container\">\n\t\t\t\t\t<ul class=\"ee-breadcrumbs\" itemscope=\"\" itemtype=\"http:\/\/schema.org\/BreadcrumbList\"><\/ul>\t\t\t\t<\/div>\n\t\t\t\t<\/div>\n\t\t\t\t\t<\/div>\n\t\t\t\t<\/div>\n\t\t<div class=\"elementor-element elementor-element-52a9c61 title-section e-flex e-con-boxed e-con e-parent\" data-id=\"52a9c61\" data-element_type=\"container\" data-e-type=\"container\">\n\t\t\t\t\t<div class=\"e-con-inner\">\n\t\t<div class=\"elementor-element elementor-element-8798fe4 e-flex e-con-boxed e-con e-parent\" data-id=\"8798fe4\" data-element_type=\"container\" data-e-type=\"container\">\n\t\t\t\t\t<div class=\"e-con-inner\">\n\t\t\t\t<div class=\"elementor-element elementor-element-9981e70 elementor-widget elementor-widget-heading\" data-id=\"9981e70\" data-element_type=\"widget\" data-e-type=\"widget\" data-widget_type=\"heading.default\">\n\t\t\t\t<div class=\"elementor-widget-container\">\n\t\t\t\t\t<h1 class=\"elementor-heading-title elementor-size-default\">Sie sind am Ziel angekommen<\/h1>\t\t\t\t<\/div>\n\t\t\t\t<\/div>\n\t\t\t\t<div class=\"elementor-element elementor-element-2d89000 elementor-widget elementor-widget-text-editor\" data-id=\"2d89000\" data-element_type=\"widget\" data-e-type=\"widget\" data-widget_type=\"text-editor.default\">\n\t\t\t\t<div class=\"elementor-widget-container\">\n\t\t\t\t\t\t\t\t\t<p>Herzlichen Gl\u00fcckwunsch, Sie haben es geschafft! Nachdem Sie alle Schritte auf dem Weg zu einer gesundheitskompetenten Einrichtung gegangen sind, sind Sie nun am Ziel angekommen!<\/p>\t\t\t\t\t\t\t\t<\/div>\n\t\t\t\t<\/div>\n\t\t\t\t\t<\/div>\n\t\t\t\t<\/div>\n\t\t\t\t\t<\/div>\n\t\t\t\t<\/div>\n\t\t<div class=\"elementor-element elementor-element-4add991 text-section e-flex e-con-boxed e-con e-parent\" data-id=\"4add991\" data-element_type=\"container\" data-e-type=\"container\">\n\t\t\t\t\t<div class=\"e-con-inner\">\n\t\t<div class=\"elementor-element elementor-element-4d2f319 e-flex e-con-boxed e-con e-parent\" data-id=\"4d2f319\" data-element_type=\"container\" data-e-type=\"container\">\n\t\t\t\t\t<div class=\"e-con-inner\">\n\t\t\t\t<div class=\"elementor-element elementor-element-87886d8 elementor-widget elementor-widget-text-editor\" data-id=\"87886d8\" data-element_type=\"widget\" data-e-type=\"widget\" data-widget_type=\"text-editor.default\">\n\t\t\t\t<div class=\"elementor-widget-container\">\n\t\t\t\t\t\t\t\t\t<p>Als eine gesundheitskompetente Einrichtung tragen Sie nun u. a. dazu bei, dass:<\/p>\t\t\t\t\t\t\t\t<\/div>\n\t\t\t\t<\/div>\n\t\t\t\t<div class=\"elementor-element elementor-element-626a795 elementor-icon-list--layout-traditional elementor-list-item-link-full_width elementor-widget elementor-widget-icon-list\" data-id=\"626a795\" data-element_type=\"widget\" data-e-type=\"widget\" data-widget_type=\"icon-list.default\">\n\t\t\t\t<div class=\"elementor-widget-container\">\n\t\t\t\t\t\t\t<ul class=\"elementor-icon-list-items\">\n\t\t\t\t\t\t\t<li class=\"elementor-icon-list-item\">\n\t\t\t\t\t\t\t\t\t\t\t<span class=\"elementor-icon-list-icon\">\n\t\t\t\t\t\t\t<i aria-hidden=\"true\" class=\"fas fa-check\"><\/i>\t\t\t\t\t\t<\/span>\n\t\t\t\t\t\t\t\t\t\t<span class=\"elementor-icon-list-text\">Dokumente, Materialien und Informationen in Ihrer Einrichtung gesundheitskompetent gestaltet sind.<\/span>\n\t\t\t\t\t\t\t\t\t<\/li>\n\t\t\t\t\t\t\t\t<li class=\"elementor-icon-list-item\">\n\t\t\t\t\t\t\t\t\t\t\t<span class=\"elementor-icon-list-icon\">\n\t\t\t\t\t\t\t<i aria-hidden=\"true\" class=\"fas fa-check\"><\/i>\t\t\t\t\t\t<\/span>\n\t\t\t\t\t\t\t\t\t\t<span class=\"elementor-icon-list-text\">Klient*innen einen einfachen Zugang zu leicht verst\u00e4ndlichen Gesundheitsinformationen erhalten.<\/span>\n\t\t\t\t\t\t\t\t\t<\/li>\n\t\t\t\t\t\t\t\t<li class=\"elementor-icon-list-item\">\n\t\t\t\t\t\t\t\t\t\t\t<span class=\"elementor-icon-list-icon\">\n\t\t\t\t\t\t\t<i aria-hidden=\"true\" class=\"fas fa-check\"><\/i>\t\t\t\t\t\t<\/span>\n\t\t\t\t\t\t\t\t\t\t<span class=\"elementor-icon-list-text\">Ihr Fachpersonal gesundheitskompetent mit Klient*innen und deren Angeh\u00f6rigen kommuniziert. <\/span>\n\t\t\t\t\t\t\t\t\t<\/li>\n\t\t\t\t\t\t\t\t<li class=\"elementor-icon-list-item\">\n\t\t\t\t\t\t\t\t\t\t\t<span class=\"elementor-icon-list-icon\">\n\t\t\t\t\t\t\t<i aria-hidden=\"true\" class=\"fas fa-check\"><\/i>\t\t\t\t\t\t<\/span>\n\t\t\t\t\t\t\t\t\t\t<span class=\"elementor-icon-list-text\">sich Klient*innen und deren Angeh\u00f6rige in Ihrer Einrichtung leicht orientieren k\u00f6nnen.<\/span>\n\t\t\t\t\t\t\t\t\t<\/li>\n\t\t\t\t\t\t\t\t<li class=\"elementor-icon-list-item\">\n\t\t\t\t\t\t\t\t\t\t\t<span class=\"elementor-icon-list-icon\">\n\t\t\t\t\t\t\t<i aria-hidden=\"true\" class=\"fas fa-check\"><\/i>\t\t\t\t\t\t<\/span>\n\t\t\t\t\t\t\t\t\t\t<span class=\"elementor-icon-list-text\">die Gesundheitskompetenz Ihrer Mitarbeitenden und Klient*innen gef\u00f6rdert wird und leisten so einen Beitrag zu deren Gesundheit(serhaltung).<\/span>\n\t\t\t\t\t\t\t\t\t<\/li>\n\t\t\t\t\t\t<\/ul>\n\t\t\t\t\t\t<\/div>\n\t\t\t\t<\/div>\n\t\t\t\t<div class=\"elementor-element elementor-element-47b511a elementor-widget elementor-widget-text-editor\" data-id=\"47b511a\" data-element_type=\"widget\" data-e-type=\"widget\" data-widget_type=\"text-editor.default\">\n\t\t\t\t<div class=\"elementor-widget-container\">\n\t\t\t\t\t\t\t\t\tWir danken Ihnen herzlich daf\u00fcr, dass Sie diesen Weg auf sich genommen haben.\n\nSie haben Lust sich direkt auf den n\u00e4chsten Weg zu machen? Ihre Ansprechperson von der AOK Plus, Herr Denis Spatzier (Tel.: +49 800 10590 41272, E-Mail: <a href=\"mailto:denis.spatzier@plus.aok.de\">denis.spatzier@plus.aok.de<\/a>), steht Ihnen gerne f\u00fcr weitere Informationen zu Projekten im Bereich der betrieblichen Gesundheitsf\u00f6rderung zur Verf\u00fcgung.\t\t\t\t\t\t\t\t<\/div>\n\t\t\t\t<\/div>\n\t\t\t\t\t<\/div>\n\t\t\t\t<\/div>\n\t\t\t\t\t<\/div>\n\t\t\t\t<\/div>\n\t\t<div class=\"elementor-element elementor-element-7dbc80d step-navigation-section e-flex e-con-boxed e-con e-parent\" data-id=\"7dbc80d\" data-element_type=\"container\" data-e-type=\"container\">\n\t\t\t\t\t<div class=\"e-con-inner\">\n\t\t<div class=\"elementor-element elementor-element-921235c e-flex e-con-boxed e-con e-parent\" data-id=\"921235c\" data-element_type=\"container\" data-e-type=\"container\">\n\t\t\t\t\t<div class=\"e-con-inner\">\n\t\t\t\t<div class=\"elementor-element elementor-element-606d021 elementor-widget elementor-widget-heading\" data-id=\"606d021\" data-element_type=\"widget\" data-e-type=\"widget\" data-widget_type=\"heading.default\">\n\t\t\t\t<div class=\"elementor-widget-container\">\n\t\t\t\t\t<h2 class=\"elementor-heading-title elementor-size-default\">Weitere Informationen<\/h2>\t\t\t\t<\/div>\n\t\t\t\t<\/div>\n\t\t\t\t\t<\/div>\n\t\t\t\t<\/div>\n\t\t<div class=\"elementor-element elementor-element-8089225 links e-flex e-con-boxed e-con e-parent\" data-id=\"8089225\" data-element_type=\"container\" data-e-type=\"container\">\n\t\t\t\t\t<div class=\"e-con-inner\">\n\t\t<a class=\"elementor-element elementor-element-e29aed3 e-flex e-con-boxed e-con e-parent\" data-id=\"e29aed3\" data-element_type=\"container\" data-e-type=\"container\" href=\"https:\/\/www.aok.de\/plus-ewiko\/weg-zur-gesundheitskompetenten-einrichtung\/schritt-6\/\">\n\t\t\t\t\t<div class=\"e-con-inner\">\n\t\t\t\t<div class=\"elementor-element elementor-element-04fd42f elementor-widget elementor-widget-heading\" data-id=\"04fd42f\" data-element_type=\"widget\" data-e-type=\"widget\" data-widget_type=\"heading.default\">\n\t\t\t\t<div class=\"elementor-widget-container\">\n\t\t\t\t\t<h3 class=\"elementor-heading-title elementor-size-default\">Zur\u00fcck zu Schritt 6<\/h3>\t\t\t\t<\/div>\n\t\t\t\t<\/div>\n\t\t\t\t<div class=\"elementor-element elementor-element-1efab5f elementor-widget elementor-widget-text-editor\" data-id=\"1efab5f\" data-element_type=\"widget\" data-e-type=\"widget\" data-widget_type=\"text-editor.default\">\n\t\t\t\t<div class=\"elementor-widget-container\">\n\t\t\t\t\t\t\t\t\t<p>Pr\u00fcfen Sie die Gesundheitskompetenz<\/p>\t\t\t\t\t\t\t\t<\/div>\n\t\t\t\t<\/div>\n\t\t\t\t\t<\/div>\n\t\t\t\t<\/a>\n\t\t<a class=\"elementor-element elementor-element-0527d17 e-flex e-con-boxed e-con e-parent\" data-id=\"0527d17\" data-element_type=\"container\" data-e-type=\"container\" href=\"https:\/\/www.aok.de\/plus-ewiko\/weg-zur-gesundheitskompetenten-einrichtung\/\">\n\t\t\t\t\t<div class=\"e-con-inner\">\n\t\t\t\t<div class=\"elementor-element elementor-element-7f0858b elementor-widget elementor-widget-heading\" data-id=\"7f0858b\" data-element_type=\"widget\" data-e-type=\"widget\" data-widget_type=\"heading.default\">\n\t\t\t\t<div class=\"elementor-widget-container\">\n\t\t\t\t\t<h3 class=\"elementor-heading-title elementor-size-default\">Zur\u00fcck zur \u00dcbersicht<\/h3>\t\t\t\t<\/div>\n\t\t\t\t<\/div>\n\t\t\t\t<div class=\"elementor-element elementor-element-7218681 elementor-widget elementor-widget-text-editor\" data-id=\"7218681\" data-element_type=\"widget\" data-e-type=\"widget\" data-widget_type=\"text-editor.default\">\n\t\t\t\t<div class=\"elementor-widget-container\">\n\t\t\t\t\t\t\t\t\t<p>Alle 7 Schritte zur gesundheitskom\u00adpetenten Einrichtung<\/p>\t\t\t\t\t\t\t\t<\/div>\n\t\t\t\t<\/div>\n\t\t\t\t\t<\/div>\n\t\t\t\t<\/a>\n\t\t\t\t\t<\/div>\n\t\t\t\t<\/div>\n\t\t\t\t\t<\/div>\n\t\t\t\t<\/div>\n\t\t\t\t<\/div>\n\t\t","protected":false},"excerpt":{"rendered":"<p>Sie sind am Ziel angekommen Herzlichen Gl\u00fcckwunsch, Sie haben es geschafft! Nachdem Sie alle Schritte auf dem Weg zu einer gesundheitskompetenten Einrichtung gegangen sind, sind Sie nun am Ziel angekommen! Als eine gesundheitskompetente Einrichtung tragen Sie nun u. a. dazu bei, dass: Dokumente, Materialien und Informationen in Ihrer Einrichtung gesundheitskompetent gestaltet sind. Klient*innen einen einfachen [&hellip;]<\/p>\n","protected":false},"author":1,"featured_media":0,"parent":1815,"menu_order":7,"comment_status":"closed","ping_status":"closed","template":"","meta":{"_acf_changed":false,"inline_featured_image":false,"footnotes":""},"class_list":["post-2320","page","type-page","status-publish","hentry"],"acf":[],"_links":{"self":[{"href":"https:\/\/www.aok.de\/plus-ewiko\/wp-json\/wp\/v2\/pages\/2320","targetHints":{"allow":["GET"]}}],"collection":[{"href":"https:\/\/www.aok.de\/plus-ewiko\/wp-json\/wp\/v2\/pages"}],"about":[{"href":"https:\/\/www.aok.de\/plus-ewiko\/wp-json\/wp\/v2\/types\/page"}],"author":[{"embeddable":true,"href":"https:\/\/www.aok.de\/plus-ewiko\/wp-json\/wp\/v2\/users\/1"}],"replies":[{"embeddable":true,"href":"https:\/\/www.aok.de\/plus-ewiko\/wp-json\/wp\/v2\/comments?post=2320"}],"version-history":[{"count":0,"href":"https:\/\/www.aok.de\/plus-ewiko\/wp-json\/wp\/v2\/pages\/2320\/revisions"}],"up":[{"embeddable":true,"href":"https:\/\/www.aok.de\/plus-ewiko\/wp-json\/wp\/v2\/pages\/1815"}],"wp:attachment":[{"href":"https:\/\/www.aok.de\/plus-ewiko\/wp-json\/wp\/v2\/media?parent=2320"}],"curies":[{"name":"wp","href":"https:\/\/api.w.org\/{rel}","templated":true}]}}