{"id":180,"date":"2021-05-20T15:23:18","date_gmt":"2021-05-20T13:23:18","guid":{"rendered":"https:\/\/www.aok.de\/plus-ewiko\/plus-ewiko\/?page_id=180"},"modified":"2026-04-03T00:09:22","modified_gmt":"2026-04-02T22:09:22","slug":"impressum","status":"publish","type":"page","link":"https:\/\/www.aok.de\/plus-ewiko\/impressum\/","title":{"rendered":"Impressum"},"content":{"rendered":"\t\t<div data-elementor-type=\"wp-page\" data-elementor-id=\"180\" class=\"elementor elementor-180\" data-elementor-post-type=\"page\">\n\t\t\t\t\t\t<section class=\"elementor-section elementor-top-section elementor-element elementor-element-6bd4c822 elementor-section-boxed elementor-section-height-default elementor-section-height-default\" data-id=\"6bd4c822\" data-element_type=\"section\" data-e-type=\"section\">\n\t\t\t\t\t\t<div class=\"elementor-container elementor-column-gap-default\">\n\t\t\t\t\t<div class=\"elementor-column elementor-col-100 elementor-top-column elementor-element elementor-element-785b9930\" data-id=\"785b9930\" data-element_type=\"column\" data-e-type=\"column\">\n\t\t\t<div class=\"elementor-widget-wrap elementor-element-populated\">\n\t\t\t\t\t\t<div class=\"elementor-element elementor-element-6fe15996 elementor-widget elementor-widget-text-editor\" data-id=\"6fe15996\" data-element_type=\"widget\" data-e-type=\"widget\" data-widget_type=\"text-editor.default\">\n\t\t\t\t<div class=\"elementor-widget-container\">\n\t\t\t\t\t\t\t\t\t<p><strong>Verantwortlich f\u00fcr den Inhalt<\/strong><\/p>\n<p>AOK PLUS \u2013 Die Gesundheitskasse f\u00fcr Sachsen und Th\u00fcringen.<br \/>Vorstand:<br \/>Dr. Stefan Knupfer (Vorstandsvorsitzender)<br \/>Ilona Wojnowski (Stellvertretende Vorsitzende des Vorstandes)<br \/>Sternplatz 7<br \/>01067 Dresden<\/p>\n<p>Servicetelefon: 0800 1059000*<br \/>* deutschlandweit kostenfrei rund um die Uhr aus allen Netzen<\/p>\n<p><a href=\"https:\/\/www.aok.de\/pk\/plus\/\"><strong>www.plus.aok.de<\/strong><\/a><\/p>\n<p>Gem\u00e4\u00df \u00a7 13 SGB I sind die Sozialversicherungstr\u00e4ger verpflichtet, die Bev\u00f6lkerung im Rahmen ihrer Zust\u00e4ndigkeit aufzukl\u00e4ren.<b><\/b><\/p>\n<p><strong>Der direkte Weg f\u00fcr Ihre E-Mail<\/strong><\/p>\n<p>Fragen zur Mitgliedschaft, zu Leistungen und allgemeinen Fragen an die AOK PLUS? Dann\u00a0<a href=\"https:\/\/www.aok.de\/fk\/plus\/kontakt\/kontaktformulare\/kontaktformular-fuer-arbeitgeber\/\"><strong>klicken Sie bitte hier<\/strong><\/a>\u00a0oder schreiben Sie eine E-Mail an\u00a0<a href=\"mailto:service@plus.aok.de\"><strong>service@plus.aok.de<\/strong><\/a>.<\/p>\n<p>Technische Probleme auf der Webseite (Passwort vergessen, Fehler etc.)?\u00a0<a href=\"mailto:technischer-support@fk.aok.de\"><strong>Schreiben Sie uns.<\/strong><\/a><\/p>\n<p><strong>Zust\u00e4ndige Aufsichtsbeh\u00f6rde der AOK PLUS<\/strong><\/p>\n<p>S\u00e4chsisches Staatsministerium f\u00fcr Soziales und Verbraucherschutz<br \/>Albertstra\u00dfe 10<br \/>01097 Dresden<\/p>\n<p><strong>Weitere Angaben<\/strong><\/p>\n<p>Information nach \u00a7 36 VSBG<br \/>Wir nehmen nicht an einem Streitbeilegungsverfahren vor einer Verbraucherschlichtungsstelle teil.<\/p>\n<p>Umsatzsteuer ID:<br \/>DE 256 878 834<\/p>\n<p>IK-Nr.:<br \/>107299005<\/p>\n<p><strong>Bildrechte<\/strong><\/p>\n<p>Das Werk einschlie\u00dflich aller seiner Teile ist urheberrechtlich gesch\u00fctzt. Jede Verwertung au\u00dferhalb der engen Grenzen des Urheberrechtsgesetzes ist ohne Zustimmung unzul\u00e4ssig und strafbar. Dies gilt insbesondere f\u00fcr Vervielf\u00e4ltigungen, \u00dcbersetzungen, Mikroverfilmungen und die Einspeicherung und Verarbeitung in elektronischen Systemen.<\/p>\n<p>Die Bildrechte liegen \u2013 soweit nicht anders vermerkt \u2013 bei der AOK. Das Kopieren und unerlaubte Nutzen sowohl bei kommerzieller als auch nicht-kommerzieller Nutzung ohne vorherige Genehmigung der jeweiligen Rechteinhabenden ist untersagt.<\/p>\n<p><strong>Datenschutz<\/strong><\/p>\n<p><strong>Verantwortlicher:<\/strong><br \/>AOK PLUS \u2013 Die Gesundheitskasse f\u00fcr Sachsen und Th\u00fcringen.<br \/>Sternplatz 7<br \/>01067 Dresden<\/p>\n<p>Servicetelefon: 0800 1059000*<br \/>* deutschlandweit kostenfrei rund um die Uhr aus allen Netzen<\/p>\n<p><a href=\"https:\/\/www.aok.de\/pk\/plus\/\"><strong>www.plus.aok.de<\/strong><\/a><\/p>\n<p>Haben Sie Fragen oder sind Sie der Ansicht, dass die Verarbeitung Ihrer personenbezogenen Daten nicht rechtm\u00e4\u00dfig erfolgt, haben Sie die M\u00f6glichkeit, sich an uns oder unseren Datenschutzbeauftragten zu wenden. Unseren Datenschutzbeauftragten erreichen Sie unter:<\/p>\n<p><strong>Kontaktdaten des Datenschutzbeauftragten:<\/strong><br \/>Datenschutzbeauftragter der AOK PLUS<\/p>\n<p>E-Mail:\u00a0<a href=\"mailto:datenschutz@plus.aok.de\"><strong>datenschutz@plus.aok.de<\/strong><\/a><\/p>\n<p><a href=\"https:\/\/www.aok.de\/pk\/rechtliches\/kontakt-datenschutzbeauftragter\/\"><strong>Kontaktformular<\/strong><\/a>\u00a0zum Datenschutzbeauftragten der AOK PLUS<\/p>\n<p><strong>Anschrift:<\/strong><br \/>AOK PLUS \u2013 Die Gesundheitskasse f\u00fcr Sachsen und Th\u00fcringen.<br \/>Datenschutzbeauftragter<br \/>Sternplatz 7<br \/>01067 Dresden<\/p>\n<p><strong>Compliance-Beauftragter AOK PLUS:<\/strong><br \/>E-Mail:\u00a0<a href=\"mailto:compliance@plus.aok.de\"><strong>compliance@plus.aok.de<\/strong><\/a><\/p>\n<p><strong>Haben Sie ein Beschwerderecht?<\/strong><\/p>\n<p>Sie haben das Recht, sich bei der Aufsichtsbeh\u00f6rde zu beschweren, wenn Sie der Ansicht sind, dass die Verarbeitung Ihrer personenbezogenen Daten nicht rechtm\u00e4\u00dfig erfolgt. Die Anschrift der f\u00fcr die AOK PLUS zust\u00e4ndige Aufsichtsbeh\u00f6rde lautet:<\/p>\n<p>S\u00e4chsischer Datenschutzbeauftragter<br \/>Bernhard-von-Lindenau-Platz 1<br \/>01067 Dresden<\/p>\n<p>Tel: 0351 4935401<br \/>Fax: 0351 4935490<br \/>E-Mail:\u00a0<a href=\"mailto:saechsdsb@slt.sachsen.de\"><strong>saechsdsb@slt.sachsen.de<\/strong><\/a><\/p>\n<p><!-- \/wp:paragraph --><\/p>\t\t\t\t\t\t\t\t<\/div>\n\t\t\t\t<\/div>\n\t\t\t\t\t<\/div>\n\t\t<\/div>\n\t\t\t\t\t<\/div>\n\t\t<\/section>\n\t\t\t\t<\/div>\n\t\t","protected":false},"excerpt":{"rendered":"<p>Verantwortlich f\u00fcr den Inhalt AOK PLUS \u2013 Die Gesundheitskasse f\u00fcr Sachsen und Th\u00fcringen.Vorstand:Dr. Stefan Knupfer (Vorstandsvorsitzender)Ilona Wojnowski (Stellvertretende Vorsitzende des Vorstandes)Sternplatz 701067 Dresden Servicetelefon: 0800 1059000** deutschlandweit kostenfrei rund um die Uhr aus allen Netzen www.plus.aok.de Gem\u00e4\u00df \u00a7 13 SGB I sind die Sozialversicherungstr\u00e4ger verpflichtet, die Bev\u00f6lkerung im Rahmen ihrer Zust\u00e4ndigkeit aufzukl\u00e4ren. Der direkte Weg [&hellip;]<\/p>\n","protected":false},"author":2,"featured_media":0,"parent":0,"menu_order":0,"comment_status":"closed","ping_status":"closed","template":"","meta":{"_acf_changed":false,"inline_featured_image":false,"footnotes":""},"class_list":["post-180","page","type-page","status-publish","hentry"],"acf":[],"_links":{"self":[{"href":"https:\/\/www.aok.de\/plus-ewiko\/wp-json\/wp\/v2\/pages\/180","targetHints":{"allow":["GET"]}}],"collection":[{"href":"https:\/\/www.aok.de\/plus-ewiko\/wp-json\/wp\/v2\/pages"}],"about":[{"href":"https:\/\/www.aok.de\/plus-ewiko\/wp-json\/wp\/v2\/types\/page"}],"author":[{"embeddable":true,"href":"https:\/\/www.aok.de\/plus-ewiko\/wp-json\/wp\/v2\/users\/2"}],"replies":[{"embeddable":true,"href":"https:\/\/www.aok.de\/plus-ewiko\/wp-json\/wp\/v2\/comments?post=180"}],"version-history":[{"count":9,"href":"https:\/\/www.aok.de\/plus-ewiko\/wp-json\/wp\/v2\/pages\/180\/revisions"}],"predecessor-version":[{"id":3339,"href":"https:\/\/www.aok.de\/plus-ewiko\/wp-json\/wp\/v2\/pages\/180\/revisions\/3339"}],"wp:attachment":[{"href":"https:\/\/www.aok.de\/plus-ewiko\/wp-json\/wp\/v2\/media?parent=180"}],"curies":[{"name":"wp","href":"https:\/\/api.w.org\/{rel}","templated":true}]}}