{"id":178,"date":"2021-05-20T15:23:01","date_gmt":"2021-05-20T13:23:01","guid":{"rendered":"https:\/\/www.aok.de\/plus-ewiko\/plus-ewiko\/?page_id=178"},"modified":"2023-07-14T14:38:53","modified_gmt":"2023-07-14T12:38:53","slug":"datenschutz","status":"publish","type":"page","link":"https:\/\/www.aok.de\/plus-ewiko\/datenschutz\/","title":{"rendered":"Datenschutzerkl\u00e4rung"},"content":{"rendered":"\n<p class=\"has-medium-font-size\">Wir, die AOK PLUS &#8211; Die Gesundheitskasse f\u00fcr Sachsen und Th\u00fcringen (im Folgenden &#8222;Wir&#8220; oder &#8222;AOK PLUS&#8220;), freuen uns, dass Du unsere Webseite \u201eewiko-gesundheitskompetenz.de\u201c besuchst.<\/p>\n\n\n\n<p class=\"has-medium-font-size\">Beim Besuch der Webseite verarbeiteten wir von Dir keine personenbezogenen Daten. \u00a0Ausnahme ist die Erhebung technischer Parameter auf Basis einer rechtlichen Grundlage des Hosting Anbieters.<\/p>\n\n\n\n<p>&nbsp;<\/p>\n\n\n\n<h2 class=\"wp-block-heading\">Hostinganbieter IONOS<\/h2>\n\n\n\n<h3 class=\"wp-block-heading\">Allgemeine Hinweise<\/h3>\n\n\n\n<p>Wir hosten die Inhalte unserer Website bei der IONOS SE, Elgendorfer Str. 57, 56410 Montabaur (nachfolgend IONOS). Wenn Sie unsere Website besuchen, erfasst IONOS verschiedene Logfiles inklusive Ihrer IP-Adressen. Details entnehmen Sie der Datenschutzerkl\u00e4rung von IONOS: <a href=\"https:\/\/www.ionos.de\/terms-gtc\/terms-privacy\" rel=\"noopener\">https:\/\/www.ionos.de\/terms-gtc\/terms-privacy<\/a>.<\/p>\n\n\n\n<p>Die Verwendung von IONOS erfolgt auf Grundlage von Art. 6 Abs. 1 lit. f DSGVO. Wir haben ein berechtigtes Interesse zum sicheren Betrieb unserer Website.<\/p>\n\n\n\n<h2 class=\"wp-block-heading\">Serverlogfiles<\/h2>\n\n\n\n<p>Der Provider der Seiten erhebt und speichert automatisch Informationen in so genannten Server-Log-Dateien, die Ihr Browser automatisch an uns \u00fcbermittelt. Dies sind:<\/p>\n\n\n\n<ul class=\"wp-block-list\">\n<li>Browsertyp und Browserversion<\/li>\n\n\n\n<li>verwendetes Betriebssystem<\/li>\n\n\n\n<li>Referrer URL<\/li>\n\n\n\n<li>Hostname des zugreifenden Rechners<\/li>\n\n\n\n<li>Uhrzeit der Serveranfrage<\/li>\n\n\n\n<li>IP-Adresse<\/li>\n<\/ul>\n\n\n\n<p>Eine Zusammenf\u00fchrung dieser Daten mit anderen Datenquellen wird nicht vorgenommen.<\/p>\n\n\n\n<p>Die Erfassung dieser Daten erfolgt auf Grundlage von Art. 6 Abs. 1 lit. f DSGVO. Der Websitebetreiber hat ein berechtigtes Interesse an der technisch fehlerfreien Darstellung und der Optimierung seiner Website \u2013 hierzu m\u00fcssen die Server-Log-Files erfasst werden.<\/p>\n\n\n\n<h2 class=\"wp-block-heading\">Analyse-Tool Matomo<\/h2>\n\n\n\n<p>Diese Website benutzt den Open Source Webanalysedienst Matomo.<\/p>\n\n\n\n<p>Mit Hilfe von Matomo sind wir in der Lage Daten \u00fcber die Nutzung unserer Website durch die Websitebesucher zu erfassen und zu analysieren. Hierdurch k\u00f6nnen wir u. a. herausfinden, wann welche Seitenaufrufe get\u00e4tigt wurden und aus welcher Region sie kommen. Au\u00dferdem erfassen wir verschiedene Logdateien (z. B. IP-Adresse, Referrer, verwendete Browser und Betriebssysteme) und k\u00f6nnen messen, ob unsere Websitebesucher bestimmte Aktionen durchf\u00fchren (z. B. Klicks, K\u00e4ufe u. \u00c4.).<\/p>\n\n\n\n<p>Bei der Analyse mit Matomo setzen wir IP-Anonymisierung ein. Hierbei wird Ihre IP-Adresse vor der Analyse gek\u00fcrzt, sodass Sie Ihnen nicht mehr eindeutig zuordenbar ist.<\/p>\n\n\n\n<p>Wir haben Matomo so konfiguriert, dass Matomo keine Cookies in Ihrem Browser speichert.<\/p>\n\n\n\n<p>Wir hosten Matomo ausschlie\u00dflich auf unseren eigenen Servern, sodass alle Analysedaten bei uns verbleiben und nicht weitergegeben werden.<\/p>\n\n\n\n<h2 class=\"wp-block-heading\">SSL- bzw. TLS-Verschl\u00fcsselung<\/h2>\n\n\n\n<p>Diese Seite nutzt aus Sicherheitsgr\u00fcnden und zum Schutz der \u00dcbertragung vertraulicher Inhalte, wie zum Beispiel Bestellungen oder Anfragen, die Sie an uns als Seitenbetreiber senden, eine SSL- bzw. TLS-Verschl\u00fcsselung. Eine verschl\u00fcsselte Verbindung erkennen Sie daran, dass die Adresszeile des Browsers von \u201ehttp:\/\/\u201c auf \u201ehttps:\/\/\u201c wechselt und an dem Schloss-Symbol in Ihrer Browserzeile.<\/p>\n\n\n\n<p>Wenn die SSL- bzw. TLS-Verschl\u00fcsselung aktiviert ist, k\u00f6nnen die Daten, die Sie an uns \u00fcbermitteln, nicht von Dritten mitgelesen werden.<\/p>\n","protected":false},"excerpt":{"rendered":"<p>Wir, die AOK PLUS &#8211; Die Gesundheitskasse f\u00fcr Sachsen und Th\u00fcringen (im Folgenden &#8222;Wir&#8220; oder &#8222;AOK PLUS&#8220;), freuen uns, dass Du unsere Webseite \u201eewiko-gesundheitskompetenz.de\u201c besuchst. Beim Besuch der Webseite verarbeiteten wir von Dir keine personenbezogenen Daten. \u00a0Ausnahme ist die Erhebung technischer Parameter auf Basis einer rechtlichen Grundlage des Hosting Anbieters. &nbsp; Hostinganbieter IONOS Allgemeine Hinweise [&hellip;]<\/p>\n","protected":false},"author":2,"featured_media":0,"parent":0,"menu_order":0,"comment_status":"closed","ping_status":"closed","template":"","meta":{"_acf_changed":false,"inline_featured_image":false,"footnotes":""},"class_list":["post-178","page","type-page","status-publish","hentry"],"acf":[],"_links":{"self":[{"href":"https:\/\/www.aok.de\/plus-ewiko\/wp-json\/wp\/v2\/pages\/178","targetHints":{"allow":["GET"]}}],"collection":[{"href":"https:\/\/www.aok.de\/plus-ewiko\/wp-json\/wp\/v2\/pages"}],"about":[{"href":"https:\/\/www.aok.de\/plus-ewiko\/wp-json\/wp\/v2\/types\/page"}],"author":[{"embeddable":true,"href":"https:\/\/www.aok.de\/plus-ewiko\/wp-json\/wp\/v2\/users\/2"}],"replies":[{"embeddable":true,"href":"https:\/\/www.aok.de\/plus-ewiko\/wp-json\/wp\/v2\/comments?post=178"}],"version-history":[{"count":0,"href":"https:\/\/www.aok.de\/plus-ewiko\/wp-json\/wp\/v2\/pages\/178\/revisions"}],"wp:attachment":[{"href":"https:\/\/www.aok.de\/plus-ewiko\/wp-json\/wp\/v2\/media?parent=178"}],"curies":[{"name":"wp","href":"https:\/\/api.w.org\/{rel}","templated":true}]}}